{"id":370795,"date":"2025-06-26T09:03:43","date_gmt":"2025-06-26T07:03:43","guid":{"rendered":"https:\/\/datasolid.com\/?page_id=370795"},"modified":"2025-11-05T13:39:56","modified_gmt":"2025-11-05T12:39:56","slug":"about-us-1","status":"publish","type":"page","link":"https:\/\/datasolid.com\/en\/unternehmen\/ueber-uns\/","title":{"rendered":"About us"},"content":{"rendered":"<section class=\"bde-section-370795-411 bde-section bde-preset-6c5b2054-7bf9-4e25-8f2f-99c52fde075f\">\n  \n  \n\t\n\n\n\n<div class=\"section-container\"><div class=\"bde-div-370795-412 bde-div\">\n  \n  \n\t\n\n\n\n<h1 class=\"bde-heading-370795-413 bde-heading\">\nThe company DataSolid\n<\/h1><h3 class=\"bde-heading-370795-553 bde-heading\">\nExperience meets technical understanding.\n<\/h3>\n<\/div><\/div>\n<\/section><section class=\"bde-section-370795-361 bde-section\">\n  \n  \n\t\n\n\n\n<div class=\"section-container\"><h2 class=\"bde-heading-370795-422 bde-heading bde-preset-d58bfc99-5cfc-44b2-8dbe-b7bcd5af937f\">\nTogether with our customers, we design the <span style=\"color: #ff744d\";>digital transformation<\/span> technical processes.\n<\/h2><div class=\"bde-grid-370795-363 bde-grid\">\n  \n  \n\t\n\n\n\n<div class=\"bde-div-370795-364 bde-div\">\n  \n  \n\t\n\n\n\n<h3 class=\"bde-heading-370795-365 bde-heading bde-preset-be536486-f300-4965-87c7-93b5b45a776b\">\nWho we are\n<\/h3><div class=\"bde-rich-text-370795-416 bde-rich-text breakdance-rich-text-styles\">\n<ul><li><p>Founded on practical experience - with CADdy++ as an in-house developed CAD solution<\/p><\/li><\/ul>\n<\/div><div class=\"bde-div-370795-427 bde-div\">\n  \n  \n\t\n\n\n\n<div class=\"bde-rich-text-370795-431 bde-rich-text breakdance-rich-text-styles\">\n<ul><li><p>25 years Dassault Syst\u00e8mes Partner<\/p><\/li><\/ul>\n<\/div><div class=\"bde-button-370795-426 bde-button cta-jetzt-wechseln-unternehmen\">\n    \n                                    \n              \n    \n    \n    \n            \n                    \n            \n            \n\n    \n    \n              \n    \n    \n    <a class=\"breakdance-link button-atom button-atom--primary bde-button__button\" href=\"\/en\/company\/dasault-experience\/\" target=\"_self\" data-type=\"url\"  id=\"cta-jetzt-wechseln-unternehmen\" >\n\n    \n        <span class=\"button-atom__text\">Change now<\/span>\n\n        \n        \n                <\/a>\n\n    \n\n\n<\/div>\n<\/div><div class=\"bde-div-370795-429 bde-div\">\n  \n  \n\t\n\n\n\n<div class=\"bde-rich-text-370795-425 bde-rich-text breakdance-rich-text-styles\">\n<ul><li><p>Today Siemens partner for NX, Solid Edge and Teamcenter<\/p><\/li><\/ul>\n<\/div><div class=\"bde-button-370795-428 bde-button cta-ueber-siemens-unternehmen\">\n    \n                                    \n              \n    \n    \n    \n            \n                    \n            \n            \n\n    \n    \n              \n    \n    \n    <a class=\"breakdance-link button-atom button-atom--primary bde-button__button\" href=\"\/en\/software-solutions\/siemens\/\" target=\"_self\" data-type=\"url\"  id=\"cta-ueber-siemens-unternehmen\" >\n\n    \n        <span class=\"button-atom__text\">learn all about Siemens<\/span>\n\n        \n        \n                <\/a>\n\n    \n\n\n<\/div>\n<\/div><div class=\"bde-rich-text-370795-430 bde-rich-text breakdance-rich-text-styles\">\n<ul><li><p>Characterized by medium-sized companies, but deeply rooted in technology<\/p><\/li><\/ul>\n<\/div>\n<\/div><div class=\"bde-div-370795-368 bde-div bde-preset-b53268f3-b462-4721-9c19-4f938700ad84\">\n  \n  \n\t\n\n\n\n<h3 class=\"bde-heading-370795-369 bde-heading bde-preset-de56f955-da27-4620-b856-1d0d49b64fc2\">\nOur areas of expertise\n<\/h3><div class=\"bde-rich-text-370795-418 bde-rich-text breakdance-rich-text-styles\">\n<ul><li><p>In-house CAD development (<a href=\"\/en\/software-solutions\/caddy\/\">CADdy++<\/a>)<\/p><\/li><li><p>Siemens solutions (<a href=\"\/en\/software-solutions\/siemens\/nx\/\">NX<\/a>, <a href=\"\/en\/software-solutions\/siemens\/solid-edge\/\">Solid Edge<\/a>, <a href=\"\/en\/software-solutions\/siemens\/siemens\/teamcenter\/\">Teamcenter<\/a>)<\/p><\/li><li><p>Process consulting, data migration, system integration<\/p><\/li><li><p>Training, support, software customization<\/p><\/li><\/ul>\n<\/div>\n<\/div><div class=\"bde-div-370795-372 bde-div bde-preset-b53268f3-b462-4721-9c19-4f938700ad84\">\n  \n  \n\t\n\n\n\n<h3 class=\"bde-heading-370795-373 bde-heading bde-preset-de56f955-da27-4620-b856-1d0d49b64fc2\">\nWhat sets us apart\n<\/h3><div class=\"bde-rich-text-370795-419 bde-rich-text breakdance-rich-text-styles\">\n<p><strong>Brand value<\/strong><br \/>Our stance<\/p><p><strong>Partnership<\/strong><br \/>Personal, approachable, at eye level<\/p><p><strong>Reliable<\/strong><br \/>Quality, openness, responsibility<\/p><p><strong>Effective<\/strong><br \/>Tangible results instead of buzzwords<\/p><p><strong>Curious<\/strong><br \/>We think ahead - together with our customers<\/p>\n<\/div>\n<\/div><div class=\"bde-div-370795-376 bde-div bde-preset-51a9ed0d-e7c6-4a23-83ac-430e12a71d77\">\n  \n  \n\t\n\n\n\n<h3 class=\"bde-heading-370795-377 bde-heading bde-preset-be536486-f300-4965-87c7-93b5b45a776b\">\nOur experience - your advantage\n<\/h3><div class=\"bde-rich-text-370795-381 bde-rich-text breakdance-rich-text-styles\">\n<ul><li><p>Over 25 years of experience with CAD &amp; PLM projects<\/p><\/li><li><p>3,000+ installations in Germany &amp; Europe<\/p><\/li><li><p>Know-how in dealing with <a href=\"\/en\/software-services\/eplan-mcad-integration\/\">ECAD\/MCAD processes<\/a><\/p><\/li><li><p>Customers from SMEs to OEM industries with technical depth<\/p><\/li><\/ul>\n<\/div>\n<\/div>\n<\/div><div class=\"bde-button-370795-380 bde-button cta-kontakt-aufnehmen-unternehmen\">\n    \n                                    \n              \n    \n    \n    \n            \n            <button type=\"button\" class=\"button-atom button-atom--primary bde-button__button\" id=\"cta-kontakt-aufnehmen-unternehmen\"  >\n    \n        <span class=\"button-atom__text\">Contact us now<\/span>\n\n        \n        \n            <\/button>\n    \n\n\n<\/div><\/div>\n<\/section><section class=\"bde-section-370795-325 bde-section bde-preset-2578f384-1d92-4397-8059-b31de97f9cb1\">\n  \n  \n\t\n\n\n\n<div class=\"section-container\"><div class=\"bde-text-370795-420 bde-text\">\nDataSolid is an independent German software company based in M\u00f6nchengladbach - and has specialized in CAD, PLM and digitization solutions for mechanical engineering for over 25 years. <br><br>We combine technical understanding with systemic clarity, software development with genuine consulting - and work with our clients to shape the digital transformation of technical processes.\n<\/div><div class=\"bde-video-370795-423 bde-video\">\n<div class=\"ee-video-container\">\n            <video class=\"ee-video\" src=\"https:\/\/datasolid.com\/wp-content\/uploads\/2025\/06\/DataSolid_Transformation.mp4\"\n               autoplay='true'                controls='true'                poster='https:\/\/datasolid.com\/wp-content\/uploads\/2025\/11\/DataSolid_Transformation.jpg'                                muted='true'                controlslist=\"nodownload\"                playsinline\n>\n        <\/video>\n    \n    <\/div>\n\n<\/div><\/div>\n<\/section><section class=\"bde-section-370795-501 bde-section\">\n  \n  \n\t\n\n\n\n<div class=\"section-container\"><h2 class=\"bde-heading-370795-502 bde-heading\">\nFrequently <span style=\"color: #ff744d\";>provided<\/span> Questions.\n<\/h2><div class=\"dan-accordion-370795-503 dan-accordion\" data-contenttransitionduration=\"0.3s\" data-mode=\"click\" data-singleopen=\"false\" data-openall=\"false\" data-openthis=\"0\"><div class=\"bde-div-370795-504 bde-div dan-accordion-container\">\n  \n  \n\t\n\n\n\n<div class=\"bde-div-370795-505 bde-div dan-accordion-question\">\n  \n  \n\t\n\n\n\n<h3 class=\"bde-heading-370795-506 bde-heading dan-accordion-question-heading\">\nWhy is it advantageous to work with a German software provider like DataSolid?\n<\/h3><div class=\"bde-icon-370795-507 bde-icon dan-accordion-question-icon\">\n\n    \n            <div class=\"bde-icon-icon breakdance-icon-atom\" >\n    \n                    <svg xmlns=\"http:\/\/www.w3.org\/2000\/svg\" viewbox=\"0 0 448 512\"><!--! Font Awesome Free 6.5.1 by @fontawesome - https:\/\/fontawesome.com License - https:\/\/fontawesome.com\/license\/free (Icons: CC BY 4.0, Fonts: SIL OFL 1.1, Code: MIT License) Copyright 2023 Fonticons, Inc. --><path d=\"M201.4 342.6c12.5 12.5 32.8 12.5 45.3 0l160-160c12.5-12.5 12.5-32.8 0-45.3s-32.8-12.5-45.3 0L224 274.7 86.6 137.4c-12.5-12.5-32.8-12.5-45.3 0s-12.5 32.8 0 45.3l160 160z\"\/><\/svg>\n        \n        \n        \n            <\/div>\n    \n\n\n<\/div>\n<\/div><div class=\"bde-div-370795-508 bde-div dan-accordion-answercont\">\n  \n  \n\t\n\n\n\n<div class=\"bde-rich-text-370795-509 bde-rich-text dan-accordion-answer breakdance-rich-text-styles\">\n<p class=\"p1\">DataSolid stands for quality made in Germany, short communication channels and technical precision - ideal for European mechanical engineering.<\/p>\n<\/div>\n<\/div>\n<\/div><div class=\"bde-div-370795-510 bde-div dan-accordion-container\">\n  \n  \n\t\n\n\n\n<div class=\"bde-div-370795-511 bde-div dan-accordion-question\">\n  \n  \n\t\n\n\n\n<h3 class=\"bde-heading-370795-512 bde-heading dan-accordion-question-heading\">\nWhich partners and cooperations strengthen DataSolid's solutions?\n<\/h3><div class=\"bde-icon-370795-513 bde-icon dan-accordion-question-icon\">\n\n    \n            <div class=\"bde-icon-icon breakdance-icon-atom\" >\n    \n                    <svg xmlns=\"http:\/\/www.w3.org\/2000\/svg\" viewbox=\"0 0 448 512\"><!--! Font Awesome Free 6.5.1 by @fontawesome - https:\/\/fontawesome.com License - https:\/\/fontawesome.com\/license\/free (Icons: CC BY 4.0, Fonts: SIL OFL 1.1, Code: MIT License) Copyright 2023 Fonticons, Inc. --><path d=\"M201.4 342.6c12.5 12.5 32.8 12.5 45.3 0l160-160c12.5-12.5 12.5-32.8 0-45.3s-32.8-12.5-45.3 0L224 274.7 86.6 137.4c-12.5-12.5-32.8-12.5-45.3 0s-12.5 32.8 0 45.3l160 160z\"\/><\/svg>\n        \n        \n        \n            <\/div>\n    \n\n\n<\/div>\n<\/div><div class=\"bde-div-370795-514 bde-div dan-accordion-answercont\">\n  \n  \n\t\n\n\n\n<div class=\"bde-rich-text-370795-515 bde-rich-text dan-accordion-answer breakdance-rich-text-styles\">\n<p class=\"p1\">DataSolid works together with Siemens and Dassault Syst\u00e8mes - leading technology partners in the CAD\/PLM sector.<\/p>\n<\/div>\n<\/div>\n<\/div><\/div><\/div>\n<\/section><div class=\"bde-globalblock-370795-415 bde-globalblock\"><section class=\"bde-section-370782-100-370782-1 bde-section bde-section-370782-100\">\n  \n  \n\t\n\n\n\n<div class=\"section-container\"><div class=\"bde-columns-370782-101-370782-1 bde-columns bde-columns-370782-101\"><div class=\"bde-column-370782-102-370782-1 bde-column bde-column-370782-102\">\n  \n  \n\t\n\n\n\n<h2 class=\"bde-heading-370782-103-370782-1 bde-heading bde-heading-370782-103\">\nYou would like to <span style=\"color: #ff744d\";>Simplify processes?<\/span> We advise you <span style=\"color: #ff744d\";>in person.<\/span>\n<\/h2>\n<\/div><div class=\"bde-column-370782-104-370782-1 bde-column bde-column-370782-104\">\n  \n  \n\t\n\n\n\n<div class=\"bde-button-370782-105-370782-1 bde-button cta-kontakt-aufnehmen-prozesse-vereinfachen bde-button-370782-105\">\n    \n                        \n                        \n              \n    \n    \n    \n            \n                    \n            \n            \n\n    \n    \n              \n    \n    \n    <a class=\"breakdance-link button-atom button-atom--primary bde-button__button\" href=\"\/en\/contact\/\" target=\"_self\" data-type=\"url\"  id=\"cta-kontakt-aufnehmen-prozesse-vereinfachen\" >\n\n    \n        <span class=\"button-atom__text\">Contact us now<\/span>\n\n        \n        \n                <\/a>\n\n    \n\n\n<\/div>\n<\/div><\/div><\/div>\n<\/section><\/div>","protected":false},"excerpt":{"rendered":"<p>Das Unternehmen DataSolid Erfahrung trifft technisches Verst\u00e4ndnis. Wir gestalten mit unseren Kunden gemeinsam die digitale Transformation technischer Prozesse. Wer wir sind Gegr\u00fcndet aus der Praxis \u2013 mit CADdy++ als eigenentwickelter CAD-L\u00f6sung 25 Jahre Dassault Syst\u00e8mes Partner Jetzt wechseln Heute Siemens-Partner f\u00fcr NX, Solid Edge und Teamcenter alles \u00fcber Siemens erfahren Mittelst\u00e4ndisch gepr\u00e4gt, aber technologisch tief [&hellip;]<\/p>\n","protected":false},"author":1,"featured_media":0,"parent":372486,"menu_order":0,"comment_status":"closed","ping_status":"closed","template":"","meta":{"_acf_changed":false,"iawp_total_views":753,"_breakdance_hide_in_design_set":false,"_breakdance_tags":"","footnotes":""},"class_list":["post-370795","page","type-page","status-publish","hentry"],"acf":[],"_links":{"self":[{"href":"https:\/\/datasolid.com\/en\/wp-json\/wp\/v2\/pages\/370795","targetHints":{"allow":["GET"]}}],"collection":[{"href":"https:\/\/datasolid.com\/en\/wp-json\/wp\/v2\/pages"}],"about":[{"href":"https:\/\/datasolid.com\/en\/wp-json\/wp\/v2\/types\/page"}],"author":[{"embeddable":true,"href":"https:\/\/datasolid.com\/en\/wp-json\/wp\/v2\/users\/1"}],"replies":[{"embeddable":true,"href":"https:\/\/datasolid.com\/en\/wp-json\/wp\/v2\/comments?post=370795"}],"version-history":[{"count":3,"href":"https:\/\/datasolid.com\/en\/wp-json\/wp\/v2\/pages\/370795\/revisions"}],"predecessor-version":[{"id":372732,"href":"https:\/\/datasolid.com\/en\/wp-json\/wp\/v2\/pages\/370795\/revisions\/372732"}],"up":[{"embeddable":true,"href":"https:\/\/datasolid.com\/en\/wp-json\/wp\/v2\/pages\/372486"}],"wp:attachment":[{"href":"https:\/\/datasolid.com\/en\/wp-json\/wp\/v2\/media?parent=370795"}],"curies":[{"name":"wp","href":"https:\/\/api.w.org\/{rel}","templated":true}]}}