{"id":371137,"date":"2025-07-04T07:29:49","date_gmt":"2025-07-04T05:29:49","guid":{"rendered":"https:\/\/datasolid.com\/?page_id=371137"},"modified":"2026-04-24T12:03:44","modified_gmt":"2026-04-24T10:03:44","slug":"compare","status":"publish","type":"page","link":"https:\/\/datasolid.com\/en\/softwareloesungen\/caddy\/vergleich\/","title":{"rendered":"Compare CADdy++ versions - suitable for every requirement"},"content":{"rendered":"<section class=\"bde-section-371137-164 bde-section bde-preset-6c5b2054-7bf9-4e25-8f2f-99c52fde075f\">\n  \n  \n\t\n\n\n\n<div class=\"section-container\"><div class=\"bde-div-371137-334 bde-div\">\n  \n  \n\t\n\n\n\n<h1 class=\"bde-heading-371137-335 bde-heading\">\nCADdy++ comparison in mechanical engineering\n<\/h1><h3 class=\"bde-heading-371137-336 bde-heading\">\nCAD that grows with you\n<\/h3>\n<\/div><\/div>\n<\/section><section class=\"bde-section-371137-271 bde-section\">\n              \n  \n  \n\t\n\n  <div class=\"section-background-overlay\"><\/div>\n\n\n<div class=\"section-container\"><div class=\"bde-div-371137-272 bde-div\">\n  \n  \n\t\n\n\n\n<h2 class=\"bde-heading-371137-273 bde-heading bde-preset-d58bfc99-5cfc-44b2-8dbe-b7bcd5af937f\">\nCADdy++ is the CAD solution, <span style=\"color: #ff744d\";>that adapts to your reality<\/span> - not the other way around.\n<\/h2><div class=\"bde-text-371137-311 bde-text\">\nFrom technical entry to industrial engineering solutions, CADdy++ accompanies you with well thought-out tools, a modular structure and a clear principle: comprehensible, expandable, efficient. Whether training, design in medium-sized companies or complex assemblies - you will find your version here.\n<\/div>\n<\/div><div class=\"bde-div-371137-275 bde-div\">\n  \n  \n\t\n\n\n\n<div class=\"bde-div-371137-276 bde-div\">\n  \n  \n\t\n\n\n\n<img decoding=\"async\" class=\"bde-image2-371137-277 bde-image2\" src=\"https:\/\/datasolid.com\/wp-content\/uploads\/2025\/07\/Icon_CADdy_vergleich_versionen.svg\" alt=\"CADdy++ Comparison - Versions\" loading=\"lazy\" title=\"\"><div class=\"bde-div-371137-278 bde-div\">\n  \n  \n\t\n\n\n\n<h3 class=\"bde-heading-371137-279 bde-heading\">\nYour requirements. Our versions.\n<\/h3><div class=\"bde-rich-text-371137-343 bde-rich-text breakdance-rich-text-styles\">\n<p>Get to know the three CADdy++ editions - all based on the same data model, but each tailored to different areas of application:<\/p><ul><li><p>basic - For getting started, training and education<\/p><\/li><li><p>economy - For small and medium-sized companies with technical depth<\/p><\/li><li><p>professional - For comprehensive design with feature modeling, standard parts and expandability<\/p><\/li><\/ul>\n<\/div>\n<\/div>\n<\/div><div class=\"bde-div-371137-313 bde-div\">\n  \n  \n\t\n\n\n\n<img decoding=\"async\" class=\"bde-image2-371137-314 bde-image2\" src=\"https:\/\/datasolid.com\/wp-content\/uploads\/2025\/07\/Icon_CADdy_vergleich_modular.svg\" alt=\"CADdy++ Comparison - Modular\" loading=\"lazy\" title=\"\"><div class=\"bde-div-371137-315 bde-div\">\n  \n  \n\t\n\n\n\n<h3 class=\"bde-heading-371137-316 bde-heading\">\nModularly expandable. Always compatible.\n<\/h3><div class=\"bde-text-371137-317 bde-text\">\nWhether standard parts management, sheet metal module, interfaces or PDM\/FEM: CADdy++ can be expanded exactly as you need it - all versions remain compatible.\n<\/div>\n<\/div>\n<\/div><div class=\"bde-div-371137-318 bde-div\">\n  \n  \n\t\n\n\n\n<img decoding=\"async\" class=\"bde-image2-371137-319 bde-image2\" src=\"https:\/\/datasolid.com\/wp-content\/uploads\/2025\/07\/Icon_CADdy_vergleich_verstaendlich.svg\" alt=\"CADdy++ Comparison - Understandable\" loading=\"lazy\" title=\"\"><div class=\"bde-div-371137-320 bde-div\">\n  \n  \n\t\n\n\n\n<h3 class=\"bde-heading-371137-321 bde-heading\">\nOur CAD values: Technical. Understandable. Supported.\n<\/h3><div class=\"bde-rich-text-371137-342 bde-rich-text breakdance-rich-text-styles\">\n<ul><li><p>Technical thinking: From mechanical engineering for mechanical engineering<\/p><\/li><li><p>Made easy to understand: clear operation, modular structure<\/p><\/li><li><p>Supported and accompanied: Training, support &amp; further development from a single source<\/p><\/li><\/ul>\n<\/div>\n<\/div>\n<\/div><div class=\"bde-div-371137-323 bde-div\">\n  \n  \n\t\n\n\n\n<img decoding=\"async\" class=\"bde-image2-371137-324 bde-image2\" src=\"https:\/\/datasolid.com\/wp-content\/uploads\/2025\/07\/Icon_CADdy_vergleich_beckercad.svg\" alt=\"CADdy++ comparison - beckerCAD\" loading=\"lazy\" title=\"\"><div class=\"bde-div-371137-325 bde-div\">\n  \n  \n\t\n\n\n\n<h3 class=\"bde-heading-371137-326 bde-heading\">\nBeckerCAD - The origin. The further development.\n<\/h3><div class=\"bde-text-371137-327 bde-text\">\nMany CADdy++ users came via BeckerCAD - and find CADdy++ a familiar and much more powerful environment.\n<\/div>\n<\/div>\n<\/div><div class=\"bde-div-371137-328 bde-div\">\n  \n  \n\t\n\n\n\n<img decoding=\"async\" class=\"bde-image2-371137-329 bde-image2\" src=\"https:\/\/datasolid.com\/wp-content\/uploads\/2025\/07\/Icon_CADdy_vergleich_einsteigen.svg\" alt=\"CADdy++ Comparison - Getting started\" loading=\"lazy\" title=\"\"><div class=\"bde-div-371137-330 bde-div\">\n  \n  \n\t\n\n\n\n<h3 class=\"bde-heading-371137-331 bde-heading\">\nGet started now - or deepen your knowledge\n<\/h3><div class=\"bde-text-371137-332 bde-text\">\nGet started now - or go deeper Start with the version that suits you - or talk to us about your individual CAD solution.\n<\/div>\n<\/div>\n<\/div>\n<\/div><h2 class=\"bde-heading-371137-346 bde-heading bde-preset-d58bfc99-5cfc-44b2-8dbe-b7bcd5af937f\">\nCADdy++ functions <span style=\"color: #ff744d\";>in comparison<\/span>\n<\/h2><div class=\"bde-div-371137-344 bde-div\">\n  \n  \n\t\n\n\n\n<div class=\"autogenerated-blce-comparisontable-371137-345 autogenerated-blce-comparisontable\">\n<table>\n  <tr>\n            <th>\n            <span style=\"display: block; text-align: left;\">Functions \/ Module<\/span>\n        <\/th>\n            <th>\n            basic\n        <\/th>\n            <th>\n            economy\n        <\/th>\n            <th>\n            professional\n        <\/th>\n        \n  <\/tr>\n  <tr>\n        \n            <td>\n          <span style=\"display: block; text-align: left;\">2D drawing<\/span>\n           \n                   <\/td>\n            <td>\n          \n             <div class=\"trueicon\">\n<svg xmlns=\"http:\/\/www.w3.org\/2000\/svg\" viewbox=\"0 0 512 512\"><!-- Font Awesome Free 5.15.1 by @fontawesome - https:\/\/fontawesome.com License - https:\/\/fontawesome.com\/license\/free (Icons: CC BY 4.0, Fonts: SIL OFL 1.1, Code: MIT License) --><path d=\"M504 256c0 136.967-111.033 248-248 248S8 392.967 8 256 119.033 8 256 8s248 111.033 248 248zM227.314 387.314l184-184c6.248-6.248 6.248-16.379 0-22.627l-22.627-22.627c-6.248-6.249-16.379-6.249-22.628 0L216 308.118l-70.059-70.059c-6.248-6.248-16.379-6.248-22.628 0l-22.627 22.627c-6.248 6.248-6.248 16.379 0 22.627l104 104c6.249 6.249 16.379 6.249 22.628.001z\"\/><\/svg>\n          <\/div>\n                   <\/td>\n            <td>\n          \n             <div class=\"trueicon\">\n<svg xmlns=\"http:\/\/www.w3.org\/2000\/svg\" viewbox=\"0 0 512 512\"><!-- Font Awesome Free 5.15.1 by @fontawesome - https:\/\/fontawesome.com License - https:\/\/fontawesome.com\/license\/free (Icons: CC BY 4.0, Fonts: SIL OFL 1.1, Code: MIT License) --><path d=\"M504 256c0 136.967-111.033 248-248 248S8 392.967 8 256 119.033 8 256 8s248 111.033 248 248zM227.314 387.314l184-184c6.248-6.248 6.248-16.379 0-22.627l-22.627-22.627c-6.248-6.249-16.379-6.249-22.628 0L216 308.118l-70.059-70.059c-6.248-6.248-16.379-6.248-22.628 0l-22.627 22.627c-6.248 6.248-6.248 16.379 0 22.627l104 104c6.249 6.249 16.379 6.249 22.628.001z\"\/><\/svg>\n          <\/div>\n                   <\/td>\n            <td>\n          \n             <div class=\"trueicon\">\n<svg xmlns=\"http:\/\/www.w3.org\/2000\/svg\" viewbox=\"0 0 512 512\"><!-- Font Awesome Free 5.15.1 by @fontawesome - https:\/\/fontawesome.com License - https:\/\/fontawesome.com\/license\/free (Icons: CC BY 4.0, Fonts: SIL OFL 1.1, Code: MIT License) --><path d=\"M504 256c0 136.967-111.033 248-248 248S8 392.967 8 256 119.033 8 256 8s248 111.033 248 248zM227.314 387.314l184-184c6.248-6.248 6.248-16.379 0-22.627l-22.627-22.627c-6.248-6.249-16.379-6.249-22.628 0L216 308.118l-70.059-70.059c-6.248-6.248-16.379-6.248-22.628 0l-22.627 22.627c-6.248 6.248-6.248 16.379 0 22.627l104 104c6.249 6.249 16.379 6.249 22.628.001z\"\/><\/svg>\n          <\/div>\n                   <\/td>\n        \n               <\/tr>\n        \n            <td>\n          <span style=\"display: block; text-align: left;\">Simple 3D modeling<\/span>\n                             <\/td>\n            <td>\n          \n             <div class=\"trueicon\">\n<svg xmlns=\"http:\/\/www.w3.org\/2000\/svg\" viewbox=\"0 0 512 512\"><!-- Font Awesome Free 5.15.1 by @fontawesome - https:\/\/fontawesome.com License - https:\/\/fontawesome.com\/license\/free (Icons: CC BY 4.0, Fonts: SIL OFL 1.1, Code: MIT License) --><path d=\"M504 256c0 136.967-111.033 248-248 248S8 392.967 8 256 119.033 8 256 8s248 111.033 248 248zM227.314 387.314l184-184c6.248-6.248 6.248-16.379 0-22.627l-22.627-22.627c-6.248-6.249-16.379-6.249-22.628 0L216 308.118l-70.059-70.059c-6.248-6.248-16.379-6.248-22.628 0l-22.627 22.627c-6.248 6.248-6.248 16.379 0 22.627l104 104c6.249 6.249 16.379 6.249 22.628.001z\"\/><\/svg>\n          <\/div>\n                   <\/td>\n            <td>\n          \n             <div class=\"trueicon\">\n<svg xmlns=\"http:\/\/www.w3.org\/2000\/svg\" viewbox=\"0 0 512 512\"><!-- Font Awesome Free 5.15.1 by @fontawesome - https:\/\/fontawesome.com License - https:\/\/fontawesome.com\/license\/free (Icons: CC BY 4.0, Fonts: SIL OFL 1.1, Code: MIT License) --><path d=\"M504 256c0 136.967-111.033 248-248 248S8 392.967 8 256 119.033 8 256 8s248 111.033 248 248zM227.314 387.314l184-184c6.248-6.248 6.248-16.379 0-22.627l-22.627-22.627c-6.248-6.249-16.379-6.249-22.628 0L216 308.118l-70.059-70.059c-6.248-6.248-16.379-6.248-22.628 0l-22.627 22.627c-6.248 6.248-6.248 16.379 0 22.627l104 104c6.249 6.249 16.379 6.249 22.628.001z\"\/><\/svg>\n          <\/div>\n                   <\/td>\n            <td>\n          \n             <div class=\"trueicon\">\n<svg xmlns=\"http:\/\/www.w3.org\/2000\/svg\" viewbox=\"0 0 512 512\"><!-- Font Awesome Free 5.15.1 by @fontawesome - https:\/\/fontawesome.com License - https:\/\/fontawesome.com\/license\/free (Icons: CC BY 4.0, Fonts: SIL OFL 1.1, Code: MIT License) --><path d=\"M504 256c0 136.967-111.033 248-248 248S8 392.967 8 256 119.033 8 256 8s248 111.033 248 248zM227.314 387.314l184-184c6.248-6.248 6.248-16.379 0-22.627l-22.627-22.627c-6.248-6.249-16.379-6.249-22.628 0L216 308.118l-70.059-70.059c-6.248-6.248-16.379-6.248-22.628 0l-22.627 22.627c-6.248 6.248-6.248 16.379 0 22.627l104 104c6.249 6.249 16.379 6.249 22.628.001z\"\/><\/svg>\n          <\/div>\n                   <\/td>\n        \n               <\/tr>\n        \n            <td>\n          <span style=\"display: block; text-align: left;\">Feature-based 3D design<\/span>\n                             <\/td>\n            <td>\n          \n          <div class=\"falseicon\">\n\n<svg xmlns=\"http:\/\/www.w3.org\/2000\/svg\" viewbox=\"0 0 384 512\"><!--! Font Awesome Free 6.5.1 by @fontawesome - https:\/\/fontawesome.com License - https:\/\/fontawesome.com\/license\/free (Icons: CC BY 4.0, Fonts: SIL OFL 1.1, Code: MIT License) Copyright 2023 Fonticons, Inc. --><path d=\"M342.6 150.6c12.5-12.5 12.5-32.8 0-45.3s-32.8-12.5-45.3 0L192 210.7 86.6 105.4c-12.5-12.5-32.8-12.5-45.3 0s-12.5 32.8 0 45.3L146.7 256 41.4 361.4c-12.5 12.5-12.5 32.8 0 45.3s32.8 12.5 45.3 0L192 301.3 297.4 406.6c12.5 12.5 32.8 12.5 45.3 0s12.5-32.8 0-45.3L237.3 256 342.6 150.6z\"\/><\/svg>\n <\/div>\n\n                   <\/td>\n            <td>\n          <span style=\"color:#000;\">-<\/span>\n           \n                   <\/td>\n            <td>\n          \n             <div class=\"trueicon\">\n<svg xmlns=\"http:\/\/www.w3.org\/2000\/svg\" viewbox=\"0 0 512 512\"><!-- Font Awesome Free 5.15.1 by @fontawesome - https:\/\/fontawesome.com License - https:\/\/fontawesome.com\/license\/free (Icons: CC BY 4.0, Fonts: SIL OFL 1.1, Code: MIT License) --><path d=\"M504 256c0 136.967-111.033 248-248 248S8 392.967 8 256 119.033 8 256 8s248 111.033 248 248zM227.314 387.314l184-184c6.248-6.248 6.248-16.379 0-22.627l-22.627-22.627c-6.248-6.249-16.379-6.249-22.628 0L216 308.118l-70.059-70.059c-6.248-6.248-16.379-6.248-22.628 0l-22.627 22.627c-6.248 6.248-6.248 16.379 0 22.627l104 104c6.249 6.249 16.379 6.249 22.628.001z\"\/><\/svg>\n          <\/div>\n                   <\/td>\n        \n               <\/tr>\n        \n            <td>\n          <span style=\"display: block; text-align: left;\">Assembly functions<\/span>\n                             <\/td>\n            <td>\n          \n          <div class=\"falseicon\">\n\n<svg xmlns=\"http:\/\/www.w3.org\/2000\/svg\" viewbox=\"0 0 384 512\"><!--! Font Awesome Free 6.5.1 by @fontawesome - https:\/\/fontawesome.com License - https:\/\/fontawesome.com\/license\/free (Icons: CC BY 4.0, Fonts: SIL OFL 1.1, Code: MIT License) Copyright 2023 Fonticons, Inc. --><path d=\"M342.6 150.6c12.5-12.5 12.5-32.8 0-45.3s-32.8-12.5-45.3 0L192 210.7 86.6 105.4c-12.5-12.5-32.8-12.5-45.3 0s-12.5 32.8 0 45.3L146.7 256 41.4 361.4c-12.5 12.5-12.5 32.8 0 45.3s32.8 12.5 45.3 0L192 301.3 297.4 406.6c12.5 12.5 32.8 12.5 45.3 0s12.5-32.8 0-45.3L237.3 256 342.6 150.6z\"\/><\/svg>\n <\/div>\n\n                   <\/td>\n            <td>\n          \n             <div class=\"trueicon\">\n<svg xmlns=\"http:\/\/www.w3.org\/2000\/svg\" viewbox=\"0 0 512 512\"><!-- Font Awesome Free 5.15.1 by @fontawesome - https:\/\/fontawesome.com License - https:\/\/fontawesome.com\/license\/free (Icons: CC BY 4.0, Fonts: SIL OFL 1.1, Code: MIT License) --><path d=\"M504 256c0 136.967-111.033 248-248 248S8 392.967 8 256 119.033 8 256 8s248 111.033 248 248zM227.314 387.314l184-184c6.248-6.248 6.248-16.379 0-22.627l-22.627-22.627c-6.248-6.249-16.379-6.249-22.628 0L216 308.118l-70.059-70.059c-6.248-6.248-16.379-6.248-22.628 0l-22.627 22.627c-6.248 6.248-6.248 16.379 0 22.627l104 104c6.249 6.249 16.379 6.249 22.628.001z\"\/><\/svg>\n          <\/div>\n                   <\/td>\n            <td>\n          \n             <div class=\"trueicon\">\n<svg xmlns=\"http:\/\/www.w3.org\/2000\/svg\" viewbox=\"0 0 512 512\"><!-- Font Awesome Free 5.15.1 by @fontawesome - https:\/\/fontawesome.com License - https:\/\/fontawesome.com\/license\/free (Icons: CC BY 4.0, Fonts: SIL OFL 1.1, Code: MIT License) --><path d=\"M504 256c0 136.967-111.033 248-248 248S8 392.967 8 256 119.033 8 256 8s248 111.033 248 248zM227.314 387.314l184-184c6.248-6.248 6.248-16.379 0-22.627l-22.627-22.627c-6.248-6.249-16.379-6.249-22.628 0L216 308.118l-70.059-70.059c-6.248-6.248-16.379-6.248-22.628 0l-22.627 22.627c-6.248 6.248-6.248 16.379 0 22.627l104 104c6.249 6.249 16.379 6.249 22.628.001z\"\/><\/svg>\n          <\/div>\n                   <\/td>\n        \n               <\/tr>\n        \n            <td>\n          <span style=\"display: block; text-align: left;\">Sheet metal module<\/span>\n                             <\/td>\n            <td>\n          \n          <div class=\"falseicon\">\n\n<svg xmlns=\"http:\/\/www.w3.org\/2000\/svg\" viewbox=\"0 0 384 512\"><!--! Font Awesome Free 6.5.1 by @fontawesome - https:\/\/fontawesome.com License - https:\/\/fontawesome.com\/license\/free (Icons: CC BY 4.0, Fonts: SIL OFL 1.1, Code: MIT License) Copyright 2023 Fonticons, Inc. --><path d=\"M342.6 150.6c12.5-12.5 12.5-32.8 0-45.3s-32.8-12.5-45.3 0L192 210.7 86.6 105.4c-12.5-12.5-32.8-12.5-45.3 0s-12.5 32.8 0 45.3L146.7 256 41.4 361.4c-12.5 12.5-12.5 32.8 0 45.3s32.8 12.5 45.3 0L192 301.3 297.4 406.6c12.5 12.5 32.8 12.5 45.3 0s12.5-32.8 0-45.3L237.3 256 342.6 150.6z\"\/><\/svg>\n <\/div>\n\n                   <\/td>\n            <td>\n          <span style=\"color:#000;\">optional<\/span>\n           \n                   <\/td>\n            <td>\n          <span style=\"color:#000;\">optional<\/span>\n           \n                   <\/td>\n        \n               <\/tr>\n        \n            <td>\n          <span style=\"display: block; text-align: left;\">Standard parts integration<\/span>\n                             <\/td>\n            <td>\n          \n          <div class=\"falseicon\">\n\n<svg xmlns=\"http:\/\/www.w3.org\/2000\/svg\" viewbox=\"0 0 384 512\"><!--! Font Awesome Free 6.5.1 by @fontawesome - https:\/\/fontawesome.com License - https:\/\/fontawesome.com\/license\/free (Icons: CC BY 4.0, Fonts: SIL OFL 1.1, Code: MIT License) Copyright 2023 Fonticons, Inc. --><path d=\"M342.6 150.6c12.5-12.5 12.5-32.8 0-45.3s-32.8-12.5-45.3 0L192 210.7 86.6 105.4c-12.5-12.5-32.8-12.5-45.3 0s-12.5 32.8 0 45.3L146.7 256 41.4 361.4c-12.5 12.5-12.5 32.8 0 45.3s32.8 12.5 45.3 0L192 301.3 297.4 406.6c12.5 12.5 32.8 12.5 45.3 0s12.5-32.8 0-45.3L237.3 256 342.6 150.6z\"\/><\/svg>\n <\/div>\n\n                   <\/td>\n            <td>\n          <span style=\"color:#000;\">-<\/span>\n           \n                   <\/td>\n            <td>\n          \n             <div class=\"trueicon\">\n<svg xmlns=\"http:\/\/www.w3.org\/2000\/svg\" viewbox=\"0 0 512 512\"><!-- Font Awesome Free 5.15.1 by @fontawesome - https:\/\/fontawesome.com License - https:\/\/fontawesome.com\/license\/free (Icons: CC BY 4.0, Fonts: SIL OFL 1.1, Code: MIT License) --><path d=\"M504 256c0 136.967-111.033 248-248 248S8 392.967 8 256 119.033 8 256 8s248 111.033 248 248zM227.314 387.314l184-184c6.248-6.248 6.248-16.379 0-22.627l-22.627-22.627c-6.248-6.249-16.379-6.249-22.628 0L216 308.118l-70.059-70.059c-6.248-6.248-16.379-6.248-22.628 0l-22.627 22.627c-6.248 6.248-6.248 16.379 0 22.627l104 104c6.249 6.249 16.379 6.249 22.628.001z\"\/><\/svg>\n          <\/div>\n                   <\/td>\n        \n               <\/tr>\n        \n            <td>\n          <span style=\"display: block; text-align: left;\">PDF \/ FEM \/ CAM extension<\/span>\n                             <\/td>\n            <td>\n          \n          <div class=\"falseicon\">\n\n<svg xmlns=\"http:\/\/www.w3.org\/2000\/svg\" viewbox=\"0 0 384 512\"><!--! Font Awesome Free 6.5.1 by @fontawesome - https:\/\/fontawesome.com License - https:\/\/fontawesome.com\/license\/free (Icons: CC BY 4.0, Fonts: SIL OFL 1.1, Code: MIT License) Copyright 2023 Fonticons, Inc. --><path d=\"M342.6 150.6c12.5-12.5 12.5-32.8 0-45.3s-32.8-12.5-45.3 0L192 210.7 86.6 105.4c-12.5-12.5-32.8-12.5-45.3 0s-12.5 32.8 0 45.3L146.7 256 41.4 361.4c-12.5 12.5-12.5 32.8 0 45.3s32.8 12.5 45.3 0L192 301.3 297.4 406.6c12.5 12.5 32.8 12.5 45.3 0s12.5-32.8 0-45.3L237.3 256 342.6 150.6z\"\/><\/svg>\n <\/div>\n\n                   <\/td>\n            <td>\n          <span style=\"color:#000;\">optional<\/span>\n           \n                   <\/td>\n            <td>\n          <span style=\"color:#000;\">optional<\/span>\n           \n                   <\/td>\n        \n               <\/tr>\n        \n            <td>\n          <span style=\"display: block; text-align: left;\">PLM connection (e.g. Teamcenter)<\/span>\n                             <\/td>\n            <td>\n          \n          <div class=\"falseicon\">\n\n<svg xmlns=\"http:\/\/www.w3.org\/2000\/svg\" viewbox=\"0 0 384 512\"><!--! Font Awesome Free 6.5.1 by @fontawesome - https:\/\/fontawesome.com License - https:\/\/fontawesome.com\/license\/free (Icons: CC BY 4.0, Fonts: SIL OFL 1.1, Code: MIT License) Copyright 2023 Fonticons, Inc. --><path d=\"M342.6 150.6c12.5-12.5 12.5-32.8 0-45.3s-32.8-12.5-45.3 0L192 210.7 86.6 105.4c-12.5-12.5-32.8-12.5-45.3 0s-12.5 32.8 0 45.3L146.7 256 41.4 361.4c-12.5 12.5-12.5 32.8 0 45.3s32.8 12.5 45.3 0L192 301.3 297.4 406.6c12.5 12.5 32.8 12.5 45.3 0s12.5-32.8 0-45.3L237.3 256 342.6 150.6z\"\/><\/svg>\n <\/div>\n\n                   <\/td>\n            <td>\n          <span style=\"color:#000;\">optional<\/span>\n           \n                   <\/td>\n            <td>\n          <span style=\"color:#000;\">optional<\/span>\n           \n                   <\/td>\n        \n               <\/tr>\n        \n            <td>\n          \n                             <\/td>\n            <td>\n          \n           \n                       <a href=\"\/en\/software-solutions\/caddy\/basic\/\" class=\"my-compare-button\">Details<\/a>\n\n                  <\/td>\n            <td>\n          \n           \n                       <a href=\"\/en\/software-solutions\/caddy\/economy\/\" class=\"my-compare-button\">Details<\/a>\n\n                  <\/td>\n            <td>\n          \n           \n                       <a href=\"\/en\/software-solutions\/caddy\/professional\/\" class=\"my-compare-button\">Details<\/a>\n\n                  <\/td>\n        \n               <\/tr>\n        \n<\/table>\n<\/div>\n<\/div><\/div>\n<\/section><div class=\"bde-globalblock-371137-348 bde-globalblock\"><section class=\"bde-section-371735-100-371735-1 bde-section bde-section-371735-100\">\n  \n  \n\t\n\n\n\n<div class=\"section-container\"><div class=\"bde-columns-371735-101-371735-1 bde-columns bde-columns-371735-101\"><div class=\"bde-column-371735-102-371735-1 bde-column bde-column-371735-102\">\n  \n  \n\t\n\n\n\n<h3 class=\"bde-heading-371735-103-371735-1 bde-heading bde-heading-371735-103\">\nSuccessful and secure CAD &amp; PLM migration\n<\/h3><a class=\"bde-text-link-371735-104-371735-1 bde-text-link bde-text-link-371735-104 breakdance-link\" href=\"\/en\/software-services\/migrations\/\" target=\"_self\" data-type=\"url\">\n  ... and fast too\n\n<\/a>\n<\/div><div class=\"bde-column-371735-105-371735-1 bde-column bde-column-371735-105\">\n  \n  \n\t\n\n\n\n<h3 class=\"bde-heading-371735-106-371735-1 bde-heading bde-heading-371735-106\">\nECAD - MCAD Merge parts lists\n<\/h3><a class=\"bde-text-link-371735-107-371735-1 bde-text-link bde-text-link-371735-107 breakdance-link\" href=\"\/en\/ecad-mcad-integration-mechatronic-parts-lists\/\" target=\"_self\" data-type=\"url\">\n  How does that work?\n\n<\/a>\n<\/div><div class=\"bde-column-371735-108-371735-1 bde-column bde-column-371735-108\">\n  \n  \n\t\n\n\n\n<h3 class=\"bde-heading-371735-109-371735-1 bde-heading bde-heading-371735-109\">\nWhitepaper &amp; Downloads\n<\/h3><a class=\"bde-text-link-371735-110-371735-1 bde-text-link bde-text-link-371735-110 breakdance-link\" href=\"\/en\/downloads\/\" target=\"_self\" data-type=\"url\">\n  Pick up knowledge\n\n<\/a>\n<\/div><\/div><\/div>\n<\/section><\/div><div class=\"bde-globalblock-371137-249 bde-globalblock\"><section class=\"bde-section-370782-100-370782-1 bde-section bde-section-370782-100\">\n  \n  \n\t\n\n\n\n<div class=\"section-container\"><div class=\"bde-columns-370782-101-370782-1 bde-columns bde-columns-370782-101\"><div class=\"bde-column-370782-102-370782-1 bde-column bde-column-370782-102\">\n  \n  \n\t\n\n\n\n<h2 class=\"bde-heading-370782-103-370782-1 bde-heading bde-heading-370782-103\">\nYou would like to <span style=\"color: #ff744d\";>Simplify processes?<\/span> We advise you <span style=\"color: #ff744d\";>in person.<\/span>\n<\/h2>\n<\/div><div class=\"bde-column-370782-104-370782-1 bde-column bde-column-370782-104\">\n  \n  \n\t\n\n\n\n<div class=\"bde-button-370782-105-370782-1 bde-button cta-kontakt-aufnehmen-prozesse-vereinfachen bde-button-370782-105\">\n    \n                        \n                        \n              \n    \n    \n    \n            \n                    \n            \n            \n\n    \n    \n              \n    \n    \n    <a class=\"breakdance-link button-atom button-atom--primary bde-button__button\" href=\"\/en\/contact\/\" target=\"_self\" data-type=\"url\"  id=\"cta-kontakt-aufnehmen-prozesse-vereinfachen\" >\n\n    \n        <span class=\"button-atom__text\">Contact us now<\/span>\n\n        \n        \n                <\/a>\n\n    \n\n\n<\/div>\n<\/div><\/div><\/div>\n<\/section><\/div>","protected":false},"excerpt":{"rendered":"<p>CADdy++ Vergleich im Maschinenbau CAD, das mitw\u00e4chst CADdy++ ist die CAD-L\u00f6sung, die sich Ihrer Realit\u00e4t anpasst \u2013 nicht umgekehrt. Vom technischen Einstieg bis zur industriellen Engineering-L\u00f6sung begleitet CADdy++ Sie mit durchdachten Tools, modularem Aufbau und einem klaren Prinzip: verst\u00e4ndlich, erweiterbar, effizient. Ob Ausbildung, Konstruktion im Mittelstand oder komplexe Baugruppen \u2013 hier finden Sie Ihre Version. [&hellip;]<\/p>\n","protected":false},"author":1,"featured_media":0,"parent":370769,"menu_order":0,"comment_status":"closed","ping_status":"closed","template":"","meta":{"_acf_changed":false,"iawp_total_views":267,"_breakdance_hide_in_design_set":false,"_breakdance_tags":"","footnotes":""},"class_list":["post-371137","page","type-page","status-publish","hentry"],"acf":[],"_links":{"self":[{"href":"https:\/\/datasolid.com\/en\/wp-json\/wp\/v2\/pages\/371137","targetHints":{"allow":["GET"]}}],"collection":[{"href":"https:\/\/datasolid.com\/en\/wp-json\/wp\/v2\/pages"}],"about":[{"href":"https:\/\/datasolid.com\/en\/wp-json\/wp\/v2\/types\/page"}],"author":[{"embeddable":true,"href":"https:\/\/datasolid.com\/en\/wp-json\/wp\/v2\/users\/1"}],"replies":[{"embeddable":true,"href":"https:\/\/datasolid.com\/en\/wp-json\/wp\/v2\/comments?post=371137"}],"version-history":[{"count":3,"href":"https:\/\/datasolid.com\/en\/wp-json\/wp\/v2\/pages\/371137\/revisions"}],"predecessor-version":[{"id":371897,"href":"https:\/\/datasolid.com\/en\/wp-json\/wp\/v2\/pages\/371137\/revisions\/371897"}],"up":[{"embeddable":true,"href":"https:\/\/datasolid.com\/en\/wp-json\/wp\/v2\/pages\/370769"}],"wp:attachment":[{"href":"https:\/\/datasolid.com\/en\/wp-json\/wp\/v2\/media?parent=371137"}],"curies":[{"name":"wp","href":"https:\/\/api.w.org\/{rel}","templated":true}]}}