{"id":371346,"date":"2025-07-15T06:51:55","date_gmt":"2025-07-15T04:51:55","guid":{"rendered":"https:\/\/datasolid.com\/?page_id=371346"},"modified":"2025-10-29T12:37:29","modified_gmt":"2025-10-29T11:37:29","slug":"product-data-sheets","status":"publish","type":"page","link":"https:\/\/datasolid.com\/en\/downloads\/produktdatenblaetter\/","title":{"rendered":"Brochures, factsheets and information on CADdy++, Siemens &amp; more"},"content":{"rendered":"<section class=\"bde-section-371346-411 bde-section bde-preset-6c5b2054-7bf9-4e25-8f2f-99c52fde075f\">\n  \n  \n\t\n\n\n\n<div class=\"section-container\"><div class=\"bde-div-371346-487 bde-div\">\n  \n  \n\t\n\n\n\n<h1 class=\"bde-heading-371346-417 bde-heading\">\nProduct documents &amp; brochures\n<\/h1><h3 class=\"bde-heading-371346-489 bde-heading\">\nCAD and PLM solutions at a glance.\n<\/h3>\n<\/div><\/div>\n<\/section><section class=\"bde-section-371346-361 bde-section\">\n  \n  \n\t\n\n\n\n<div class=\"section-container\"><div class=\"bde-div-371346-492 bde-div\">\n  \n  \n\t\n\n\n\n<h2 class=\"bde-heading-371346-362 bde-heading bde-preset-d58bfc99-5cfc-44b2-8dbe-b7bcd5af937f\">\nDownload  <span style=\"color: #ff744d\";>Product brochures, PDF factsheets and media<\/span> for CADdy++, Siemens software or industry solutions directly.\n<\/h2><div class=\"bde-text-371346-491 bde-text\">\nClearly structured, immediately available.\n<\/div>\n<\/div><div class=\"bde-div-371346-436 bde-div\">\n  \n  \n\t\n\n\n\n<div class=\"bde-div-371346-419 bde-div\">\n  \n  \n\t\n\n\n\n<img decoding=\"async\" class=\"bde-image2-371346-420 bde-image2\" src=\"https:\/\/datasolid.com\/wp-content\/uploads\/2025\/07\/Icon_Produkte_caddy.svg\" alt=\"Media Products - CADdy++ Mechanical Engineering\" loading=\"lazy\" title=\"\"><div class=\"bde-div-371346-421 bde-div\">\n  \n  \n\t\n\n\n\n<h3 class=\"bde-heading-371346-422 bde-heading\">\nProduct Data Sheets CADdy++ Mechanical Engineering\n<\/h3><div class=\"bde-div-371346-423 bde-div\">\n  \n  \n\t\n\n\n\n<div class=\"bde-button-371346-424 bde-button cta-caddy-basic-pdf\">\n    \n                                    \n              \n    \n    \n    \n            \n                    \n            \n            \n\n    \n    \n              \n    \n    \n    <a class=\"breakdance-link button-atom button-atom--primary bde-button__button\" href=\"\/en\/caddy-basic-pdf\/\" target=\"_blank\" data-type=\"url\"  id=\"cta-caddy-basic-pdf\" >\n\n    \n        <span class=\"button-atom__text\">basic<\/span>\n\n        \n        \n                <\/a>\n\n    \n\n\n<\/div><div class=\"bde-button-371346-426 bde-button cta-caddy-economy-pdf\">\n    \n                                    \n              \n    \n    \n    \n            \n                    \n            \n            \n\n    \n    \n              \n    \n    \n    <a class=\"breakdance-link button-atom button-atom--primary bde-button__button\" href=\"\/en\/caddy-economy-pdf\/\" target=\"_blank\" data-type=\"url\"  id=\"cta-caddy-economy-pdf\" >\n\n    \n        <span class=\"button-atom__text\">economy<\/span>\n\n        \n        \n                <\/a>\n\n    \n\n\n<\/div><div class=\"bde-button-371346-425 bde-button cta-caddy-professional-pdf\">\n    \n                                    \n              \n    \n    \n    \n            \n                    \n            \n            \n\n    \n    \n              \n    \n    \n    <a class=\"breakdance-link button-atom button-atom--primary bde-button__button\" href=\"\/en\/caddy-professional-pdf\/\" target=\"_blank\" data-type=\"url\"  id=\"cta-caddy-professional-pdf\" >\n\n    \n        <span class=\"button-atom__text\">professional<\/span>\n\n        \n        \n                <\/a>\n\n    \n\n\n<\/div>\n<\/div>\n<\/div>\n<\/div><div class=\"bde-div-371346-427 bde-div\">\n  \n  \n\t\n\n\n\n<img decoding=\"async\" class=\"bde-image2-371346-428 bde-image2\" src=\"https:\/\/datasolid.com\/wp-content\/uploads\/2025\/07\/Icon_Produkte_siemens_solid_edge.svg\" alt=\"Media products - Siemens Solid Edge\" loading=\"lazy\" title=\"\"><div class=\"bde-div-371346-429 bde-div\">\n  \n  \n\t\n\n\n\n<h3 class=\"bde-heading-371346-430 bde-heading\">\nSolid Edge product data sheets\n<\/h3><div class=\"bde-text-371346-507 bde-text\">\n... will soon be available for download ...\n<\/div><div class=\"bde-div-371346-431 bde-div\">\n  \n  \n\t\n\n\n\n<div class=\"bde-button-371346-432 bde-button\">\n    \n                        \n                        \n    \n    \n    \n    \n            \n                    \n            \n            \n\n    \n    \n    \n    \n    \n    <a class=\"breakdance-link button-atom button-atom--secondary bde-button__button\" href=\"\/en\/contact\/\" target=\"_self\" data-type=\"url\"  >\n\n    \n        <span class=\"button-atom__text\">Direct inquiries<\/span>\n\n        \n        \n                <\/a>\n\n    \n\n\n<\/div>\n<\/div>\n<\/div>\n<\/div><div class=\"bde-div-371346-495 bde-div\">\n  \n  \n\t\n\n\n\n<img decoding=\"async\" class=\"bde-image2-371346-496 bde-image2\" src=\"https:\/\/datasolid.com\/wp-content\/uploads\/2025\/07\/Icon_Produkte_siemens_nx.svg\" alt=\"Media products - Siemens NX\" loading=\"lazy\" title=\"\"><div class=\"bde-div-371346-497 bde-div\">\n  \n  \n\t\n\n\n\n<h3 class=\"bde-heading-371346-498 bde-heading\">\nProduct data sheets Siemens NX\n<\/h3><div class=\"bde-text-371346-508 bde-text\">\n... will soon be available for download ...\n<\/div><div class=\"bde-div-371346-499 bde-div\">\n  \n  \n\t\n\n\n\n<div class=\"bde-button-371346-500 bde-button\">\n    \n                        \n                        \n    \n    \n    \n    \n            \n                    \n            \n            \n\n    \n    \n    \n    \n    \n    <a class=\"breakdance-link button-atom button-atom--secondary bde-button__button\" href=\"\/en\/contact\/\" target=\"_self\" data-type=\"url\"  >\n\n    \n        <span class=\"button-atom__text\">Direct inquiries<\/span>\n\n        \n        \n                <\/a>\n\n    \n\n\n<\/div>\n<\/div>\n<\/div>\n<\/div><div class=\"bde-div-371346-501 bde-div\">\n  \n  \n\t\n\n\n\n<img decoding=\"async\" class=\"bde-image2-371346-502 bde-image2\" src=\"https:\/\/datasolid.com\/wp-content\/uploads\/2025\/07\/Icon_Produkte_teamcenter.svg\" alt=\"Media products - Teamcenter\" loading=\"lazy\" title=\"\"><div class=\"bde-div-371346-503 bde-div\">\n  \n  \n\t\n\n\n\n<h3 class=\"bde-heading-371346-504 bde-heading\">\nProduct data sheets Teamcenter\n<\/h3><div class=\"bde-text-371346-509 bde-text\">\n... will soon be available for download ...\n<\/div><div class=\"bde-div-371346-505 bde-div\">\n  \n  \n\t\n\n\n\n<div class=\"bde-button-371346-506 bde-button\">\n    \n                        \n                        \n    \n    \n    \n    \n            \n                    \n            \n            \n\n    \n    \n    \n    \n    \n    <a class=\"breakdance-link button-atom button-atom--secondary bde-button__button\" href=\"\/en\/contact\/\" target=\"_self\" data-type=\"url\"  >\n\n    \n        <span class=\"button-atom__text\">Direct inquiries<\/span>\n\n        \n        \n                <\/a>\n\n    \n\n\n<\/div>\n<\/div>\n<\/div>\n<\/div>\n<\/div><\/div>\n<\/section><div class=\"bde-globalblock-371346-415 bde-globalblock\"><section class=\"bde-section-370782-100-370782-1 bde-section bde-section-370782-100\">\n  \n  \n\t\n\n\n\n<div class=\"section-container\"><div class=\"bde-columns-370782-101-370782-1 bde-columns bde-columns-370782-101\"><div class=\"bde-column-370782-102-370782-1 bde-column bde-column-370782-102\">\n  \n  \n\t\n\n\n\n<h2 class=\"bde-heading-370782-103-370782-1 bde-heading bde-heading-370782-103\">\nYou would like to <span style=\"color: #ff744d\";>Simplify processes?<\/span> We advise you <span style=\"color: #ff744d\";>in person.<\/span>\n<\/h2>\n<\/div><div class=\"bde-column-370782-104-370782-1 bde-column bde-column-370782-104\">\n  \n  \n\t\n\n\n\n<div class=\"bde-button-370782-105-370782-1 bde-button cta-kontakt-aufnehmen-prozesse-vereinfachen bde-button-370782-105\">\n    \n                        \n                        \n              \n    \n    \n    \n            \n                    \n            \n            \n\n    \n    \n              \n    \n    \n    <a class=\"breakdance-link button-atom button-atom--primary bde-button__button\" href=\"\/en\/contact\/\" target=\"_self\" data-type=\"url\"  id=\"cta-kontakt-aufnehmen-prozesse-vereinfachen\" >\n\n    \n        <span class=\"button-atom__text\">Contact us now<\/span>\n\n        \n        \n                <\/a>\n\n    \n\n\n<\/div>\n<\/div><\/div><\/div>\n<\/section><\/div>","protected":false},"excerpt":{"rendered":"<p>Produktunterlagen &#038; Brosch\u00fcren CAD- und PLM-L\u00f6sungen im \u00dcberblick. Laden Sie Produktbrosch\u00fcren, PDF-Factsheets und Medien f\u00fcr CADdy++, Siemens Software oder Branchenl\u00f6sungen direkt herunter. Verst\u00e4ndlich gegliedert, sofort verf\u00fcgbar. Produktdatenbl\u00e4tter CADdy++ Maschinenbau basic economy professional Produktdatenbl\u00e4tter Solid Edge .. stehen bald zm Download bereit &#8230; Direkt Anfragen Produktdatenbl\u00e4tter Siemens NX .. stehen bald zm Download bereit &#8230; Direkt [&hellip;]<\/p>\n","protected":false},"author":1,"featured_media":0,"parent":370819,"menu_order":0,"comment_status":"closed","ping_status":"closed","template":"","meta":{"_acf_changed":false,"iawp_total_views":485,"_breakdance_hide_in_design_set":false,"_breakdance_tags":"","footnotes":""},"class_list":["post-371346","page","type-page","status-publish","hentry"],"acf":[],"_links":{"self":[{"href":"https:\/\/datasolid.com\/en\/wp-json\/wp\/v2\/pages\/371346","targetHints":{"allow":["GET"]}}],"collection":[{"href":"https:\/\/datasolid.com\/en\/wp-json\/wp\/v2\/pages"}],"about":[{"href":"https:\/\/datasolid.com\/en\/wp-json\/wp\/v2\/types\/page"}],"author":[{"embeddable":true,"href":"https:\/\/datasolid.com\/en\/wp-json\/wp\/v2\/users\/1"}],"replies":[{"embeddable":true,"href":"https:\/\/datasolid.com\/en\/wp-json\/wp\/v2\/comments?post=371346"}],"version-history":[{"count":3,"href":"https:\/\/datasolid.com\/en\/wp-json\/wp\/v2\/pages\/371346\/revisions"}],"predecessor-version":[{"id":371384,"href":"https:\/\/datasolid.com\/en\/wp-json\/wp\/v2\/pages\/371346\/revisions\/371384"}],"up":[{"embeddable":true,"href":"https:\/\/datasolid.com\/en\/wp-json\/wp\/v2\/pages\/370819"}],"wp:attachment":[{"href":"https:\/\/datasolid.com\/en\/wp-json\/wp\/v2\/media?parent=371346"}],"curies":[{"name":"wp","href":"https:\/\/api.w.org\/{rel}","templated":true}]}}