{"id":371790,"date":"2025-10-07T13:47:51","date_gmt":"2025-10-07T11:47:51","guid":{"rendered":"https:\/\/datasolid.com\/?page_id=371790"},"modified":"2026-03-10T04:11:12","modified_gmt":"2026-03-10T03:11:12","slug":"trainings","status":"publish","type":"page","link":"https:\/\/datasolid.com\/en\/unternehmen\/schulungen\/","title":{"rendered":"Training at Datasolid - practical and individual"},"content":{"rendered":"<section class=\"bde-section-371790-100 bde-section bde-preset-6c5b2054-7bf9-4e25-8f2f-99c52fde075f\">\n  \n  \n\t\n\n\n\n<div class=\"section-container\"><div class=\"bde-div-371790-101 bde-div\">\n  \n  \n\t\n\n\n\n<h1 class=\"bde-heading-371790-102 bde-heading\">\nTraining courses at Datasolid\n<\/h1><h3 class=\"bde-heading-371790-103 bde-heading\">\nPractical and individual.\n<\/h3>\n<\/div><\/div>\n<\/section><section class=\"bde-section-371790-104 bde-section bde-preset-373f264a-9b1f-41c4-a013-1f6f2e68ae8a\">\n  \n  \n\t\n\n\n\n<div class=\"section-container\"><h2 class=\"bde-heading-371790-184 bde-heading bde-preset-d58bfc99-5cfc-44b2-8dbe-b7bcd5af937f\">\nCAD training courses\n<\/h2><div class=\"bde-grid-371790-106 bde-grid\">\n  \n  \n\t\n\n\n\n<div class=\"bde-div-371790-107 bde-div bde-preset-51a9ed0d-e7c6-4a23-83ac-430e12a71d77\">\n  \n  \n\t\n\n\n\n<h3 class=\"bde-heading-371790-108 bde-heading bde-preset-be536486-f300-4965-87c7-93b5b45a776b\">\nOnline training CADdy++\n<\/h3><div class=\"bde-text-371790-129 bde-text\">\nIndividual online training for CADdy++ according to your requirements and wishes.\n<\/div><div class=\"bde-rich-text-371790-109 bde-rich-text breakdance-rich-text-styles\">\n<p><strong>Format: <\/strong>Online via video conference<\/p><p><strong>Participants: <\/strong>Beginners and advanced users<\/p><p><strong>Group size: <\/strong>max. 4 persons<\/p><p><strong>Price: <\/strong>170 \u20ac per hour\u00a0<\/p>\n<\/div><div class=\"bde-button-371790-110 bde-button bde-preset-32e409fd-51a1-4dc2-93a0-ef708749202b\">\n    \n                        \n                        \n    \n    \n    \n    \n            \n                    \n            \n            \n\n    \n    \n    \n    \n    \n    <a class=\"breakdance-link button-atom button-atom--text bde-button__button\" href=\"https:\/\/outlook.office.com\/book\/Trainings@datasolid.de\/?ismsaljsauthenabled\" target=\"_blank\" data-type=\"url\" rel=\"noopener noreferrer nofollow\">\n\n    \n        <span class=\"button-atom__text\">Book online training<\/span>\n\n        \n        \n                <\/a>\n\n    \n\n\n<\/div>\n<\/div><div class=\"bde-div-371790-111 bde-div bde-preset-b53268f3-b462-4721-9c19-4f938700ad84\">\n  \n  \n\t\n\n\n\n<h3 class=\"bde-heading-371790-112 bde-heading bde-preset-de56f955-da27-4620-b856-1d0d49b64fc2\">\nIndividual training CADdy++\n<\/h3><div class=\"bde-text-371790-130 bde-text\">\nIndividual training according to your requirements and wishes on your premises.\n<\/div><div class=\"bde-rich-text-371790-131 bde-rich-text breakdance-rich-text-styles\">\n<p><b>Format: <\/b>Presence with the customer<\/p><p><strong>Participants: <\/strong>Beginners and advanced users<\/p><p><b>Duration: <\/b>7 hours (09:00 - 16:00)<\/p><p><b>Group size: <\/b>max. 6 persons<\/p><p><b>Price: <\/b>1.360 \u20ac *<\/p>\n<\/div><div class=\"bde-button-371790-118 bde-button bde-preset-32e409fd-51a1-4dc2-93a0-ef708749202b\">\n    \n                        \n                        \n    \n    \n    \n    \n            \n                    \n            \n            \n\n    \n    \n    \n    \n    \n    <a class=\"breakdance-link button-atom button-atom--text bde-button__button\" href=\"https:\/\/outlook.office.com\/book\/Trainings@datasolid.de\/?ismsaljsauthenabled\" target=\"_blank\" data-type=\"url\" rel=\"noopener noreferrer nofollow\">\n\n    \n        <span class=\"button-atom__text\">Book individual training<\/span>\n\n        \n        \n                <\/a>\n\n    \n\n\n<\/div>\n<\/div><div class=\"bde-div-371790-119 bde-div bde-preset-b53268f3-b462-4721-9c19-4f938700ad84\">\n  \n  \n\t\n\n\n\n<h3 class=\"bde-heading-371790-134 bde-heading bde-preset-de56f955-da27-4620-b856-1d0d49b64fc2\">\nSolid Edge CAD training\n<\/h3><div class=\"bde-rich-text-371790-160 bde-rich-text breakdance-rich-text-styles\">\n<p>Practical introduction to design with Solid Edge<\/p><p>Individual times and prices.<\/p>\n<\/div><a class=\"bde-text-link-371790-207 bde-text-link breakdance-link\" href=\"https:\/\/outlook.office.com\/book\/Trainings@datasolid.de\/?ismsaljsauthenabled\" target=\"_self\" data-type=\"url\" rel=\"noopener noreferrer nofollow\">\n  Book training\n\n<\/a>\n<\/div><div class=\"bde-div-371790-124 bde-div bde-preset-51a9ed0d-e7c6-4a23-83ac-430e12a71d77\">\n  \n  \n\t\n\n\n\n<h3 class=\"bde-heading-371790-120 bde-heading bde-preset-be536486-f300-4965-87c7-93b5b45a776b\">\nSiemens NX CAD\/PLM training\n<\/h3><div class=\"bde-rich-text-371790-133 bde-rich-text breakdance-rich-text-styles\">\n<p>Compact training for professional design and data management in Siemens NX<\/p><p>Individual times and prices.<\/p>\n<\/div><a class=\"bde-text-link-371790-208 bde-text-link breakdance-link\" href=\"https:\/\/outlook.office.com\/book\/Trainings@datasolid.de\/?ismsaljsauthenabled\" target=\"_self\" data-type=\"url\" rel=\"noopener noreferrer nofollow\">\n  Book training\n\n<\/a>\n<\/div>\n<\/div><div class=\"bde-text-371790-175 bde-text\">\n* Note: All prices are exclusive of VAT. For individual training courses, prices may vary depending on the effort involved.\n<\/div><\/div>\n<\/section><section class=\"bde-section-371790-199 bde-section\">\n  \n  \n\t\n\n\n\n<div class=\"section-container\"><h2 class=\"bde-heading-371790-219 bde-heading bde-preset-d58bfc99-5cfc-44b2-8dbe-b7bcd5af937f\">\nWhat sets our training courses apart\n<\/h2><div class=\"bde-columns-371790-211 bde-columns\"><div class=\"bde-column-371790-212 bde-column\">\n  \n  \n\t\n\n\n\n<div class=\"bde-checkmark-list-371790-209 bde-checkmark-list\">\n<ul>\n  \n              \n              \n    <li>\n      <span class='bde-checkmark-list__icon bde-checkmark-list__icon_yes  bg-yes'>\n                  <svg xmlns=\"http:\/\/www.w3.org\/2000\/svg\" viewbox=\"0 0 24 24\"><path d=\"M18.71,7.21a1,1,0,0,0-1.42,0L9.84,14.67,6.71,11.53A1,1,0,1,0,5.29,13l3.84,3.84a1,1,0,0,0,1.42,0l8.16-8.16A1,1,0,0,0,18.71,7.21Z\"\/><\/svg>\n              <\/span>\n      <div >\n        Practical<br>Learn directly from real examples with CADdy++\n      <\/div>\n\n    <\/li>\n\n  \n              \n              \n    <li>\n      <span class='bde-checkmark-list__icon bde-checkmark-list__icon_yes  bg-yes'>\n                  <svg xmlns=\"http:\/\/www.w3.org\/2000\/svg\" viewbox=\"0 0 24 24\"><path d=\"M18.71,7.21a1,1,0,0,0-1.42,0L9.84,14.67,6.71,11.53A1,1,0,1,0,5.29,13l3.84,3.84a1,1,0,0,0,1.42,0l8.16-8.16A1,1,0,0,0,18.71,7.21Z\"\/><\/svg>\n              <\/span>\n      <div >\n        Individual<br>The training content is tailored precisely to your requirements.\n      <\/div>\n\n    <\/li>\n\n  \n              \n              \n    <li>\n      <span class='bde-checkmark-list__icon bde-checkmark-list__icon_yes  bg-yes'>\n                  <svg xmlns=\"http:\/\/www.w3.org\/2000\/svg\" viewbox=\"0 0 24 24\"><path d=\"M18.71,7.21a1,1,0,0,0-1.42,0L9.84,14.67,6.71,11.53A1,1,0,1,0,5.29,13l3.84,3.84a1,1,0,0,0,1.42,0l8.16-8.16A1,1,0,0,0,18.71,7.21Z\"\/><\/svg>\n              <\/span>\n      <div >\n        Flexible<br>Online or on site - choose the format that suits you.\n      <\/div>\n\n    <\/li>\n\n  \n              \n              \n    <li>\n      <span class='bde-checkmark-list__icon bde-checkmark-list__icon_yes  bg-yes'>\n                  <svg xmlns=\"http:\/\/www.w3.org\/2000\/svg\" viewbox=\"0 0 24 24\"><path d=\"M18.71,7.21a1,1,0,0,0-1.42,0L9.84,14.67,6.71,11.53A1,1,0,1,0,5.29,13l3.84,3.84a1,1,0,0,0,1.42,0l8.16-8.16A1,1,0,0,0,18.71,7.21Z\"\/><\/svg>\n              <\/span>\n      <div >\n        Small groups<br>Personal support for maximum learning intensity.\n      <\/div>\n\n    <\/li>\n\n  \n              \n              \n    <li>\n      <span class='bde-checkmark-list__icon bde-checkmark-list__icon_yes  bg-yes'>\n                  <svg xmlns=\"http:\/\/www.w3.org\/2000\/svg\" viewbox=\"0 0 24 24\"><path d=\"M18.71,7.21a1,1,0,0,0-1.42,0L9.84,14.67,6.71,11.53A1,1,0,1,0,5.29,13l3.84,3.84a1,1,0,0,0,1.42,0l8.16-8.16A1,1,0,0,0,18.71,7.21Z\"\/><\/svg>\n              <\/span>\n      <div >\n        Competent<br>Experienced trainers guarantee practical knowledge.\n      <\/div>\n\n    <\/li>\n\n  <\/ul>\n\n<\/div>\n<\/div><div class=\"bde-column-371790-213 bde-column\">\n  \n  \n\t\n\n\n\n<div class=\"bde-div-371790-217 bde-div\">\n  \n  \n\t\n\n\n\n<h3 class=\"bde-heading-371790-214 bde-heading\">\nFramework &amp; implementation\n<\/h3><div class=\"bde-rich-text-371790-218 bde-rich-text breakdance-rich-text-styles\">\n<p><strong>Online:<\/strong> Flexible, interactive training for small groups with a maximum of 4 participants.<\/p><p><strong>Presence:<\/strong> Intensive 7-hour training course directly at your premises, maximum 6 participants.<\/p><p><strong>Documents:<\/strong> All participants will receive access to slide sets, handouts and exercise sheets upon completion.<\/p>\n<\/div><div class=\"bde-button-371790-216 bde-button\">\n    \n                                    \n    \n    \n    \n    \n            \n                    \n            \n            \n\n    \n    \n    \n    \n    \n    <a class=\"breakdance-link button-atom button-atom--primary bde-button__button\" href=\"https:\/\/outlook.office.com\/book\/Trainings@datasolid.de\/?ismsaljsauthenabled\" target=\"_blank\" data-type=\"url\" rel=\"noopener noreferrer nofollow\">\n\n    \n        <span class=\"button-atom__text\">Book training now<\/span>\n\n        \n        \n                <\/a>\n\n    \n\n\n<\/div>\n<\/div>\n<\/div><\/div><\/div>\n<\/section><section class=\"bde-section-371790-162 bde-section bde-preset-2578f384-1d92-4397-8059-b31de97f9cb1\">\n  \n  \n\t\n\n\n\n<div class=\"section-container\"><h2 class=\"bde-heading-371790-105 bde-heading\">\nIf from <span style=\"color: #ff744d\";> Construction Precision is<\/span>.\n<\/h2><div class=\"bde-columns-371790-195 bde-columns\"><div class=\"bde-column-371790-196 bde-column\">\n  \n  \n\t\n\n\n\n<div class=\"bde-rich-text-371790-182 bde-rich-text breakdance-rich-text-styles\">\n<p>Imagine you are starting a new project - and every click is right. You know exactly how to model components, create variants and create drawings automatically. No long searches for functions, no time-consuming reworking. This is precisely the aim of our <strong>CADdy++ training for mechanical engineers<\/strong>.<\/p><p>This is not about gray theory, but about <strong>practical learning<\/strong>, that will immediately help you in your daily work. Our trainers will show you how to use CADdy++ in a targeted manner to design more efficiently and implement your projects with confidence.<\/p><p>You will get to know the user interface and discover efficient methods, <strong>Macros, parametric designs and automated processes<\/strong> in a meaningful way - just as it is needed in modern development departments.<\/p><p><strong>The result:<\/strong> You gain routine and confidence in using CADdy++, increase your efficiency and implement even complex tasks with ease. Your company also benefits directly. Well-trained engineers work more precisely, reduce corrections and bring innovations into production faster.<\/p><p>This results in more economical processes, fewer sources of error and a noticeable increase in quality in every design step.<\/p><p>In short: A <strong>CADdy++ training from DataSolid<\/strong> is more than just training - it is a step towards <strong>intelligent design, more efficient processes and sustainable competitiveness<\/strong>.<\/p>\n<\/div>\n<\/div><div class=\"bde-column-371790-197 bde-column\">\n  \n  \n\t\n\n\n\n<div class=\"bde-gallery-371790-198 bde-gallery\">\n\n\n  \n\n\n\n\n\n\n\n  \n\n  <div class=\"ee-gallery-swiper breakdance-swiper-wrapper\" data-swiper-id=\"198\">\n    <div class=\"swiper\">\n\n<div class=\"ee-gallery ee-gallery--gallery-slider ee-gallery--slider ee-gallery--single ee-gallery--lightbox ee-gallery-- ee-gallery--caption- ee-gallery--caption-none ee-gallery--ratio swiper-wrapper\">\n                  \n      <a class=\"ee-gallery-item ee-gallery-item--image ee-gallery-item--single swiper-slide\" href=\"https:\/\/datasolid.com\/wp-content\/uploads\/2025\/11\/Schulungen-DataSolid.webp\" span><\/span>\" data-category=\"1\" data-lg-size=\"1429-800\"\n\n      &gt;\n        <figure class=\"ee-gallery-item-figure\">\n                        <img decoding=\"async\" class=\"breakdance-image-object\" src=\"https:\/\/datasolid.com\/wp-content\/uploads\/2025\/11\/Schulungen-DataSolid-1024x573.webp\" width=\"1024\" height=\"573\" srcset=\"https:\/\/datasolid.com\/wp-content\/uploads\/2025\/11\/Schulungen-DataSolid.webp 1429w, https:\/\/datasolid.com\/wp-content\/uploads\/2025\/11\/Schulungen-DataSolid-300x168.webp 300w, https:\/\/datasolid.com\/wp-content\/uploads\/2025\/11\/Schulungen-DataSolid-1024x573.webp 1024w, https:\/\/datasolid.com\/wp-content\/uploads\/2025\/11\/Schulungen-DataSolid-768x430.webp 768w, https:\/\/datasolid.com\/wp-content\/uploads\/2025\/11\/Schulungen-DataSolid-18x10.webp 18w\" sizes=\"auto, (max-width: 1429px) 100vw, 1429px\" alt=\"Training courses for mechanical engineers at DataSolid\" loading=\"lazy\" title=\"\">\n          \n                  <\/figure>\n      <\/a>\n\n                \n      <a class=\"ee-gallery-item ee-gallery-item--image ee-gallery-item--single swiper-slide\" href=\"https:\/\/datasolid.com\/wp-content\/uploads\/2025\/11\/Schulungen-Datasolid-3.webp\" span><\/span>\" data-category=\"1\" data-lg-size=\"1429-800\"\n\n      &gt;\n        <figure class=\"ee-gallery-item-figure\">\n                        <img decoding=\"async\" class=\"breakdance-image-object\" src=\"https:\/\/datasolid.com\/wp-content\/uploads\/2025\/11\/Schulungen-Datasolid-3-1024x573.webp\" width=\"1024\" height=\"573\" srcset=\"https:\/\/datasolid.com\/wp-content\/uploads\/2025\/11\/Schulungen-Datasolid-3.webp 1429w, https:\/\/datasolid.com\/wp-content\/uploads\/2025\/11\/Schulungen-Datasolid-3-300x168.webp 300w, https:\/\/datasolid.com\/wp-content\/uploads\/2025\/11\/Schulungen-Datasolid-3-1024x573.webp 1024w, https:\/\/datasolid.com\/wp-content\/uploads\/2025\/11\/Schulungen-Datasolid-3-768x430.webp 768w, https:\/\/datasolid.com\/wp-content\/uploads\/2025\/11\/Schulungen-Datasolid-3-18x10.webp 18w\" sizes=\"auto, (max-width: 1429px) 100vw, 1429px\" alt=\"Training courses for mechanical engineers at DataSolid\" loading=\"lazy\" title=\"\">\n          \n                  <\/figure>\n      <\/a>\n\n                \n      <a class=\"ee-gallery-item ee-gallery-item--image ee-gallery-item--single swiper-slide\" href=\"https:\/\/datasolid.com\/wp-content\/uploads\/2025\/11\/Schulungen-Datasolid-2.webp\" span><\/span>\" data-category=\"1\" data-lg-size=\"1429-800\"\n\n      &gt;\n        <figure class=\"ee-gallery-item-figure\">\n                        <img decoding=\"async\" class=\"breakdance-image-object\" src=\"https:\/\/datasolid.com\/wp-content\/uploads\/2025\/11\/Schulungen-Datasolid-2-1024x573.webp\" width=\"1024\" height=\"573\" srcset=\"https:\/\/datasolid.com\/wp-content\/uploads\/2025\/11\/Schulungen-Datasolid-2.webp 1429w, https:\/\/datasolid.com\/wp-content\/uploads\/2025\/11\/Schulungen-Datasolid-2-300x168.webp 300w, https:\/\/datasolid.com\/wp-content\/uploads\/2025\/11\/Schulungen-Datasolid-2-1024x573.webp 1024w, https:\/\/datasolid.com\/wp-content\/uploads\/2025\/11\/Schulungen-Datasolid-2-768x430.webp 768w, https:\/\/datasolid.com\/wp-content\/uploads\/2025\/11\/Schulungen-Datasolid-2-18x10.webp 18w\" sizes=\"auto, (max-width: 1429px) 100vw, 1429px\" alt=\"Training courses for mechanical engineers at DataSolid\" loading=\"lazy\" title=\"\">\n          \n                  <\/figure>\n      <\/a>\n\n      \n  <\/div>\n\n    <\/div>\n        \n            <div class=\"swiper-pagination\"><\/div>\n    \n  <\/div>\n\n\n<\/div>\n<\/div><\/div><div class=\"bde-div-371790-136 bde-div\">\n  \n  \n\t\n\n\n\n<h3 class=\"bde-heading-371790-176 bde-heading\">\nUse our <span style=\"color: #ff744d\";>Online form to book your training course<\/span> or request further information.\n<\/h3><div class=\"bde-button-371790-128 bde-button cta-kontakt-aufnehmen-startseite\">\n    \n                                    \n    \n    \n    \n    \n            \n                    \n            \n            \n\n    \n    \n    \n    \n    \n    <a class=\"breakdance-link button-atom button-atom--primary bde-button__button\" href=\"https:\/\/outlook.office.com\/book\/Trainings@datasolid.de\/?ismsaljsauthenabled\" target=\"_blank\" data-type=\"url\" rel=\"noopener noreferrer nofollow\">\n\n    \n        <span class=\"button-atom__text\">Book training now<\/span>\n\n        \n        \n                <\/a>\n\n    \n\n\n<\/div>\n<\/div><\/div>\n<\/section><section class=\"bde-section-371790-185 bde-section bde-preset-373f264a-9b1f-41c4-a013-1f6f2e68ae8a\">\n  \n  \n\t\n\n\n\n<div class=\"section-container\"><div class=\"bde-columns-371790-186 bde-columns\"><div class=\"bde-column-371790-187 bde-column\">\n  \n  \n\t\n\n\n\n<img decoding=\"async\" class=\"bde-image2-371790-188 bde-image2\" src=\"https:\/\/datasolid.com\/wp-content\/uploads\/2026\/01\/Andreas-Thoennissen-2.webp\" alt=\"Andreas Th\u00f6nni\u00dfen\" loading=\"lazy\" srcset=\"https:\/\/datasolid.com\/wp-content\/uploads\/2026\/01\/Andreas-Thoennissen-2.webp 1008w, https:\/\/datasolid.com\/wp-content\/uploads\/2026\/01\/Andreas-Thoennissen-2-286x300.webp 286w, https:\/\/datasolid.com\/wp-content\/uploads\/2026\/01\/Andreas-Thoennissen-2-977x1024.webp 977w, https:\/\/datasolid.com\/wp-content\/uploads\/2026\/01\/Andreas-Thoennissen-2-768x805.webp 768w, https:\/\/datasolid.com\/wp-content\/uploads\/2026\/01\/Andreas-Thoennissen-2-11x12.webp 11w\" sizes=\"(max-width: 1008px) 100vw, 1008px\" title=\"\">\n<\/div><div class=\"bde-column-371790-189 bde-column\">\n  \n  \n\t\n\n\n\n<h2 class=\"bde-heading-371790-190 bde-heading\">\n<span style=\"color: #ff744d\";>Questions<\/span> to the training courses?\n<\/h2><div class=\"bde-rich-text-371790-191 bde-rich-text breakdance-rich-text-styles\">\n<p>Do you have any questions or need help choosing the right training course?<\/p><p>Andreas from our team will be happy to help you. Simply contact him by e-mail or call him on \u00a0<a href=\"tel:+4921664525306\">+49 (0) 21 66 \/ 452 53-06<\/a> to.<\/p>\n<\/div><div class=\"bde-button-371790-192 bde-button cta-kontakt-aufnehmen-prozesse-vereinfachen\">\n    \n                                    \n    \n    \n    \n    \n            \n                    \n            \n            \n\n    \n    \n    \n    \n    \n    <a class=\"breakdance-link button-atom button-atom--primary bde-button__button\" href=\"mailto:athoennissen@datasolid.de\" target=\"_self\" data-type=\"url\"  >\n\n    \n        <span class=\"button-atom__text\">Contact us now<\/span>\n\n        \n        \n                <\/a>\n\n    \n\n\n<\/div>\n<\/div><\/div><\/div>\n<\/section>","protected":false},"excerpt":{"rendered":"<p>Schulungen bei Datasolid Praxisnah und individuell. CAD-Schulungen Online-Schulung CADdy++ Individuelle Online-Schulung f\u00fcr CADdy++ nach Ihren Anforderungen und W\u00fcnschen. Format: Online via VideokonferenzTeilnehmer: Einsteiger und FortgeschritteneGruppengr\u00f6\u00dfe: max. 4 PersonenPreis: 170 \u20ac pro Stunde\u00a0 Online-Schulung buchen Individualschulung CADdy++ Individuelle Schulung nach Ihren Anforderungen und W\u00fcnschen vor Ort bei Ihnen. Format: Pr\u00e4senz beim KundenTeilnehmer: Einsteiger und FortgeschritteneDauer: 7 [&hellip;]<\/p>\n","protected":false},"author":1,"featured_media":0,"parent":372486,"menu_order":0,"comment_status":"closed","ping_status":"closed","template":"","meta":{"_acf_changed":false,"iawp_total_views":367,"_breakdance_hide_in_design_set":false,"_breakdance_tags":"","footnotes":""},"class_list":["post-371790","page","type-page","status-publish","hentry"],"acf":[],"_links":{"self":[{"href":"https:\/\/datasolid.com\/en\/wp-json\/wp\/v2\/pages\/371790","targetHints":{"allow":["GET"]}}],"collection":[{"href":"https:\/\/datasolid.com\/en\/wp-json\/wp\/v2\/pages"}],"about":[{"href":"https:\/\/datasolid.com\/en\/wp-json\/wp\/v2\/types\/page"}],"author":[{"embeddable":true,"href":"https:\/\/datasolid.com\/en\/wp-json\/wp\/v2\/users\/1"}],"replies":[{"embeddable":true,"href":"https:\/\/datasolid.com\/en\/wp-json\/wp\/v2\/comments?post=371790"}],"version-history":[{"count":8,"href":"https:\/\/datasolid.com\/en\/wp-json\/wp\/v2\/pages\/371790\/revisions"}],"predecessor-version":[{"id":373538,"href":"https:\/\/datasolid.com\/en\/wp-json\/wp\/v2\/pages\/371790\/revisions\/373538"}],"up":[{"embeddable":true,"href":"https:\/\/datasolid.com\/en\/wp-json\/wp\/v2\/pages\/372486"}],"wp:attachment":[{"href":"https:\/\/datasolid.com\/en\/wp-json\/wp\/v2\/media?parent=371790"}],"curies":[{"name":"wp","href":"https:\/\/api.w.org\/{rel}","templated":true}]}}