{"id":372648,"date":"2025-11-04T11:42:07","date_gmt":"2025-11-04T10:42:07","guid":{"rendered":"https:\/\/datasolid.com\/?page_id=372648"},"modified":"2025-11-04T14:15:03","modified_gmt":"2025-11-04T13:15:03","slug":"unsolicited-application","status":"publish","type":"page","link":"https:\/\/datasolid.com\/en\/unternehmen\/karriere\/initiativbewerbung\/","title":{"rendered":"Unsolicited application to DataSolid"},"content":{"rendered":"<section class=\"bde-section-372648-386 bde-section\">\n  \n  \n\t\n\n\n\n<div class=\"section-container\"><div class=\"bde-div-372648-387 bde-div\">\n  \n  \n\t\n\n\n\n<h1 class=\"bde-heading-372648-389 bde-heading\">\nInitiativbewerbung bei DataSolid\n<\/h1><img decoding=\"async\" class=\"bde-image2-372648-391 bde-image2\" src=\"https:\/\/datasolid.com\/wp-content\/uploads\/2025\/11\/Stellenangebot-2.webp\" alt=\"Festanstellung bei DataSolid\" loading=\"lazy\" srcset=\"https:\/\/datasolid.com\/wp-content\/uploads\/2025\/11\/Stellenangebot-2.webp 1000w, https:\/\/datasolid.com\/wp-content\/uploads\/2025\/11\/Stellenangebot-2-300x169.webp 300w, https:\/\/datasolid.com\/wp-content\/uploads\/2025\/11\/Stellenangebot-2-768x432.webp 768w, https:\/\/datasolid.com\/wp-content\/uploads\/2025\/11\/Stellenangebot-2-18x10.webp 18w\" sizes=\"(max-width: 1000px) 100vw, 1000px\" title=\"\">\n<\/div><div class=\"bde-div-372648-392 bde-div\">\n  \n  \n\t\n\n\n\n<h2 class=\"bde-heading-372648-393 bde-heading\">\nUnternehmensprofil\n<\/h2><div class=\"bde-rich-text-372648-394 bde-rich-text bde-preset-d644e941-1362-4b7b-9b14-2e352ed2d7b4 breakdance-rich-text-styles\">\n<p>DataSolid ist ein unabh\u00e4ngiges deutsches Softwarehaus mit Sitz in M\u00f6nchengladbach \u2013 und seit \u00fcber 25 Jahren spezialisiert auf CAD-, PLM- und Digitalisierungsl\u00f6sungen f\u00fcr den Maschinenbau.<\/p><p>Unsere Vision ist es, den Maschinenbau durch intelligente Softwarel\u00f6sungen nachhaltig zu transformieren. Wir schaffen digitale Werkzeuge, die komplexe technische Prozesse vereinfachen, Innovationen beschleunigen und unseren Kunden erm\u00f6glichen, ihre Produkte effizienter und zukunftssicher zu entwickeln.<\/p><p>Bei DataSolid profitieren Sie von einem modernen Arbeitsumfeld, in dem <strong>Eigeninitiative<\/strong> gesch\u00e4tzt wird, <strong>pers\u00f6nliche Weiterentwicklung<\/strong> aktiv gef\u00f6rdert wird und Sie die digitale Zukunft des Maschinenbaus hautnah mitgestalten k\u00f6nnen.<\/p>\n<\/div>\n<\/div><div class=\"bde-div-372648-395 bde-div\">\n  \n  \n\t\n\n\n\n<h2 class=\"bde-heading-372648-396 bde-heading\">\nM\u00f6gliche Einsatzbereiche\n<\/h2><div class=\"bde-rich-text-372648-397 bde-rich-text bde-preset-d644e941-1362-4b7b-9b14-2e352ed2d7b4 breakdance-rich-text-styles\">\n<ul><li><span class=\"s1\"><b>IT-Praktikum: <\/b><\/span>Sammeln Sie erste Praxiserfahrungen in der Softwareentwicklung oder Systemintegration. Arbeiten Sie an realen Projekten mit und lernen Sie moderne Technologien sowie agile Arbeitsweisen kennen.<\/li><li><p class=\"p1\"><strong>IT-Ausbildung als Fachinformatiker\/in: <\/strong>Starten Sie Ihre berufliche Laufbahn mit einer fundierten Ausbildung im Bereich Softwareentwicklung oder Systemintegration. Lernen Sie in einem motivierten Team, wie innovative Softwarel\u00f6sungen entstehen \u2013 von der Idee bis zur Umsetzung.<\/p><\/li><li><strong>Festanstellung als Softwareentwickler\/in: <\/strong>\u00dcbernehmen Sie Verantwortung in spannenden Entwicklungsprojekten rund um CAD, PLM und Digitalisierung. Bringen Sie Ihr Know-how ein, arbeiten Sie mit modernen Tools und gestalten Sie den Maschinenbau von morgen aktiv mit.<\/li><\/ul>\n<\/div>\n<\/div><div class=\"bde-div-372648-405 bde-div\">\n  \n  \n\t\n\n\n\n<h2 class=\"bde-heading-372648-406 bde-heading\">\nWas wir bieten\n<\/h2><div class=\"bde-rich-text-372648-407 bde-rich-text bde-preset-d644e941-1362-4b7b-9b14-2e352ed2d7b4 breakdance-rich-text-styles\">\n<ul style=\"list-style-type: disc;\"><li><strong>Weiterbildung &amp; Entwicklung:<\/strong> Profitieren Sie von internen Schulungen, externen Weiterbildungen und individuellen Entwicklungspl\u00e4nen.<\/li><li><strong>Teamgeist &amp; Zusammenhalt:<\/strong> Erleben Sie eine kollegiale Atmosph\u00e4re und nehmen Sie an regelm\u00e4\u00dfigen Teamevents und Firmenveranstaltungen teil.<\/li><li><strong>Modernes Arbeitsumfeld:<\/strong> Arbeiten Sie mit aktueller Hardware, modernen Softwaretools und ergonomischen Arbeitspl\u00e4tzen.<\/li><li><strong>Sicherer Arbeitsplatz:<\/strong> Werden Sie Teil eines stabil wachsenden Unternehmens in einer zukunftsorientierten Branche.<\/li><\/ul>\n<\/div>\n<\/div><div class=\"bde-div-372648-408 bde-div\">\n  \n  \n\t\n\n\n\n<h2 class=\"bde-heading-372648-409 bde-heading\">\nBewerbungsprozess\n<\/h2><div class=\"bde-rich-text-372648-410 bde-rich-text bde-preset-d644e941-1362-4b7b-9b14-2e352ed2d7b4 breakdance-rich-text-styles\">\n<ul><li><strong>Schnelle R\u00fcckmeldung:<\/strong> Wir melden uns umgehend nach Eingang Ihrer Bewerbung.<\/li><li><strong>Online-Gespr\u00e4ch:<\/strong> Lernen Sie uns in einem kurzen Online-Call kennen.<\/li><li><strong>Pers\u00f6nliches Kennenlernen:<\/strong> Anschlie\u00dfend treffen wir uns pers\u00f6nlich \u2013 f\u00fcr einen erfolgreichen gemeinsamen Start.<\/li><\/ul>\n<\/div>\n<\/div><div class=\"bde-div-372648-411 bde-div\">\n  \n  \n\t\n\n\n\n<h2 class=\"bde-heading-372648-413 bde-heading\">\n<span style=\"color: #ff744d\";>Werden Sie Teil von DataSolid<\/span> und gestalten Sie mit uns die digitale Zukunft. \n<\/h2><div class=\"bde-form-builder-372648-415 bde-form-builder cta-kontaktformular-absenden\">\n\n<form id=\"bewerbungsformular-initiativ415\" class=\"breakdance-form breakdance-form--vertical\" data-options=\"{&quot;slug&quot;:&quot;custom&quot;,&quot;name&quot;:&quot;Bewerbungsformular Initiativ&quot;,&quot;ajaxUrl&quot;:&quot;https:\\\/\\\/datasolid.com\\\/wp-admin\\\/admin-ajax.php&quot;,&quot;clearOnSuccess&quot;:true,&quot;hideOnSuccess&quot;:true,&quot;successMessage&quot;:&quot;Vielen Dank f\\u00fcr Ihre Bewerbung. Wir melden uns zeitnah bei Ihnen.&quot;,&quot;errorMessage&quot;:&quot;Etwas ist schief gelaufen. Bitte probiere es nochmal oder kontaktiere uns per E-Mail oder Telefon.&quot;,&quot;redirect&quot;:false,&quot;redirectUrl&quot;:&quot;&quot;,&quot;customJavaScript&quot;:&quot;&quot;,&quot;recaptcha&quot;:{&quot;key&quot;:&quot;&quot;,&quot;enabled&quot;:false},&quot;honeypot_enabled&quot;:false,&quot;popupsOnSuccess&quot;:[],&quot;popupsOnError&quot;:[]}\" data-steps=\"0\" >\n  \n  \n  \n<div class=\"breakdance-form-field breakdance-form-field--text breakdance-form-field__hide-label\" >\n    \n    \n            <label class=\"breakdance-form-field__label\" for=\"vorname\">\n            Vorname<span class=\"breakdance-form-field__required\">*<\/span>\n        <\/label>\n    \n    <input\n    class=\"breakdance-form-field__input\"\n    id=\"vorname\"\n    aria-describedby=\"vorname\"\n    type=\"text\"\n    name=\"fields[vorname]\"\n    placeholder=\"Vorname *\"\n    value=\"\"\n                \n        \n        \n    required\n    \n    \n    \n>\n\n\n    \n    \n<\/div>\n\n\n<div class=\"breakdance-form-field breakdance-form-field--text breakdance-form-field__hide-label\" >\n    \n    \n            <label class=\"breakdance-form-field__label\" for=\"nachname\">\n            Nachname<span class=\"breakdance-form-field__required\">*<\/span>\n        <\/label>\n    \n    <input\n    class=\"breakdance-form-field__input\"\n    id=\"nachname\"\n    aria-describedby=\"nachname\"\n    type=\"text\"\n    name=\"fields[nachname]\"\n    placeholder=\"Nachname *\"\n    value=\"\"\n                \n        \n        \n    required\n    \n    \n    \n>\n\n\n    \n    \n<\/div>\n\n\n<div class=\"breakdance-form-field breakdance-form-field--tel breakdance-form-field__hide-label\" >\n    \n    \n            <label class=\"breakdance-form-field__label\" for=\"telefonnummer\">\n            Telefonnummer<span class=\"breakdance-form-field__required\">*<\/span>\n        <\/label>\n    \n    <input\n    class=\"breakdance-form-field__input\"\n    id=\"telefonnummer\"\n    aria-describedby=\"telefonnummer\"\n    type=\"tel\"\n    name=\"fields[telefonnummer]\"\n    placeholder=\"Telefonnummer *\"\n    value=\"\"\n                \n        \n        \n    required\n    \n    \n    \n>\n\n\n    \n    \n<\/div>\n\n\n<div class=\"breakdance-form-field breakdance-form-field--email breakdance-form-field__hide-label\" >\n    \n    \n            <label class=\"breakdance-form-field__label\" for=\"email\">\n            Email<span class=\"breakdance-form-field__required\">*<\/span>\n        <\/label>\n    \n    <input\n    class=\"breakdance-form-field__input\"\n    id=\"email\"\n    aria-describedby=\"email\"\n    type=\"email\"\n    name=\"fields[email]\"\n    placeholder=\"E-Mail Adresse *\"\n    value=\"\"\n                \n        \n        \n    required\n    \n    \n    \n>\n\n\n    \n    \n<\/div>\n\n\n<div class=\"breakdance-form-field breakdance-form-field--textarea breakdance-form-field__hide-label\" >\n    \n    \n            <label class=\"breakdance-form-field__label\" for=\"nachricht\">\n            Nachricht<span class=\"breakdance-form-field__required\">*<\/span>\n        <\/label>\n    \n    <textarea\n    class=\"breakdance-form-field__input\"\n    id=\"nachricht\"\n    aria-describedby=\"nachricht\"\n    type=\"textarea\"\n    name=\"fields[nachricht]\"\n        placeholder=\"Nachricht *\"\n    required\n    >\n<\/textarea>\n\n\n    \n    \n<\/div>\n\n\n<div class=\"breakdance-form-field breakdance-form-field--file\" >\n    \n    \n            <label class=\"breakdance-form-field__label\" for=\"upload\">\n            Lebenslauf und ggfs. relevante Zeugnisse:\n        <\/label>\n    \n    <label for=\"upload\" class=\"breakdance-form-file-upload breakdance-form-file-upload--draggable\">\n\n            <span class=\"breakdance-form-dropzone\" tabindex=\"0\">\n            <svg class=\"breakdance-form-dropzone__icon\" width=\"48\" stroke=\"currentColor\" fill=\"none\" viewBox=\"0 0 48 48\" aria-hidden=\"true\">\n                <path d=\"M28 8H12a4 4 0 00-4 4v20m32-12v8m0 0v8a4 4 0 01-4 4H12a4 4 0 01-4-4v-4m32-4l-3.172-3.172a4 4 0 00-5.656 0L28 28M8 32l9.172-9.172a4 4 0 015.656 0L28 28m0 0l4 4m4-24h8m-4-4v8m-12 4h.02\" stroke-width=\"2\" stroke-linecap=\"round\" stroke-linejoin=\"round\"><\/path>\n            <\/svg>\n\n            <span class=\"breakdance-form-dropzone__title\">\n                <span>Upload a file<\/span> or drag and drop.\n            <\/span>\n            <span class=\"breakdance-form-dropzone__accepts\">\n                              jpg, jpeg, jpe, png, heic, webp, pdf\n                            up to 10MB\n            <\/span>\n        <\/span>\n    \n    <input\n        id=\"upload\"\n        name=\"fields[upload][]\"\n        type=\"file\"\n        class=\"breakdance-form-file-upload__input\"\n        accept=\"image\/jpeg,image\/png,image\/heic,image\/webp,application\/pdf\"\n        \n        \n                data-max-files=\"\"\n        data-i18n-empty-text=\"No file chosen\"\n        data-i18n-filled-text=\"%n files\"\n        data-i18n-error-text=\"Only %n file(s) allowed.\"\n    >\n<\/label>\n\n    <ul class=\"breakdance-form-files-list\"><\/ul>\n\n\n    \n    \n<\/div>\n\n\n<div class=\"breakdance-form-field breakdance-form-field--checkbox breakdance-form-field__hide-label\" >\n    \n    \n    \n    <fieldset role=\"group\"\n    aria-label=\"DSGVO\"\n    >\n       <legend class=\"breakdance-form-field__label\">DSGVO<\/legend>\n          <div class=\"breakdance-form-checkbox\">\n          <input\n              type=\"checkbox\"\n              name=\"fields[dsgvo]\"\n              value=\"Ich habe die &lt;a href=&quot;\/datenschutz&quot;&gt;Datenschutzerkl\u00e4rung&lt;\/a&gt; zur Kenntnis genommen. *\"\n              id=\"dsgvo-1\"\n              \n                        >\n          <label class=\"breakdance-form-checkbox__text\" for=\"dsgvo-1\">Ich habe die <a href=\"\/datenschutz\">Datenschutzerkl\u00e4rung<\/a> zur Kenntnis genommen. *<\/label>\n      <\/div>\n  <\/fieldset>\n\n\n\n    \n    \n<\/div>\n\n\n  \n\n<div class=\"breakdance-form-field breakdance-form-footer\">\n    \n    \n                                    \n    \n    \n    \n    \n            \n            <button type=\"submit\" class=\"button-atom button-atom--primary breakdance-form-button breakdance-form-button__submit\"  >\n    \n        <span class=\"button-atom__text\">Bewerbung absenden<\/span>\n\n        \n        \n            <\/button>\n    \n    <input type=\"hidden\" name=\"form_id\" value=\"415\">\n    <input type=\"hidden\" name=\"post_id\" value=\"372648\">\n<\/div>\n\n  \n<\/form>\n\n\n<\/div>\n<\/div><\/div>\n<\/section>","protected":false},"excerpt":{"rendered":"<p>Initiativbewerbung bei DataSolid Unternehmensprofil DataSolid ist ein unabh\u00e4ngiges deutsches Softwarehaus mit Sitz in M\u00f6nchengladbach \u2013 und seit \u00fcber 25 Jahren spezialisiert auf CAD-, PLM- und Digitalisierungsl\u00f6sungen f\u00fcr den Maschinenbau.Unsere Vision ist es, den Maschinenbau durch intelligente Softwarel\u00f6sungen nachhaltig zu transformieren. Wir schaffen digitale Werkzeuge, die komplexe technische Prozesse vereinfachen, Innovationen beschleunigen und unseren Kunden erm\u00f6glichen, [&hellip;]<\/p>\n","protected":false},"author":1,"featured_media":0,"parent":372545,"menu_order":0,"comment_status":"closed","ping_status":"closed","template":"","meta":{"_acf_changed":false,"iawp_total_views":42,"_breakdance_hide_in_design_set":false,"_breakdance_tags":"","footnotes":""},"class_list":["post-372648","page","type-page","status-publish","hentry"],"acf":[],"_links":{"self":[{"href":"https:\/\/datasolid.com\/en\/wp-json\/wp\/v2\/pages\/372648","targetHints":{"allow":["GET"]}}],"collection":[{"href":"https:\/\/datasolid.com\/en\/wp-json\/wp\/v2\/pages"}],"about":[{"href":"https:\/\/datasolid.com\/en\/wp-json\/wp\/v2\/types\/page"}],"author":[{"embeddable":true,"href":"https:\/\/datasolid.com\/en\/wp-json\/wp\/v2\/users\/1"}],"replies":[{"embeddable":true,"href":"https:\/\/datasolid.com\/en\/wp-json\/wp\/v2\/comments?post=372648"}],"version-history":[{"count":2,"href":"https:\/\/datasolid.com\/en\/wp-json\/wp\/v2\/pages\/372648\/revisions"}],"predecessor-version":[{"id":372653,"href":"https:\/\/datasolid.com\/en\/wp-json\/wp\/v2\/pages\/372648\/revisions\/372653"}],"up":[{"embeddable":true,"href":"https:\/\/datasolid.com\/en\/wp-json\/wp\/v2\/pages\/372545"}],"wp:attachment":[{"href":"https:\/\/datasolid.com\/en\/wp-json\/wp\/v2\/media?parent=372648"}],"curies":[{"name":"wp","href":"https:\/\/api.w.org\/{rel}","templated":true}]}}